{"id":2314,"date":"2022-04-28T08:49:41","date_gmt":"2022-04-28T06:49:41","guid":{"rendered":"https:\/\/agptraducciones.com.46-231-5-178.46-231-5-178.visualpublinet.com\/intranet\/"},"modified":"2022-09-22T08:55:42","modified_gmt":"2022-09-22T08:55:42","slug":"intranet","status":"publish","type":"page","link":"https:\/\/www.agptraducciones.com\/fr\/intranet\/","title":{"rendered":"Intranet"},"content":{"rendered":"<p>[et_pb_section fb_built=\u00a0\u00bb1&Prime; custom_padding_last_edited=\u00a0\u00bbon|desktop\u00a0\u00bb admin_label=\u00a0\u00bbCABECERA\u00a0\u00bb module_class=\u00a0\u00bbcabecera-principal\u00a0\u00bb _builder_version=\u00a0\u00bb4.15.1&Prime; _dynamic_attributes=\u00a0\u00bbbackground_image\u00a0\u00bb _module_preset=\u00a0\u00bbdefault\u00a0\u00bb use_background_color_gradient=\u00a0\u00bbon\u00a0\u00bb background_color_gradient_start=\u00a0\u00bbrgba(247,139,31,0.7)\u00a0\u00bb background_color_gradient_end=\u00a0\u00bbrgba(242,101,39,0.6)\u00a0\u00bb background_color_gradient_direction=\u00a0\u00bb90deg\u00a0\u00bb background_color_gradient_overlays_image=\u00a0\u00bbon\u00a0\u00bb background_image=\u00a0\u00bb@ET-DC@eyJkeW5hbWljIjp0cnVlLCJjb250ZW50IjoicG9zdF9mZWF0dXJlZF9pbWFnZSIsInNldHRpbmdzIjp7fX0=@\u00a0\u00bb custom_padding=\u00a0\u00bb325px||120px||false|false\u00a0\u00bb custom_padding_tablet=\u00a0\u00bb250px||||false|false\u00a0\u00bb custom_padding_phone=\u00a0\u00bb220px||80px||false|false\u00a0\u00bb border_radii=\u00a0\u00bboff|||300px|300px\u00a0\u00bb global_module=\u00a0\u00bb441&Prime; saved_tabs=\u00a0\u00bball\u00a0\u00bb global_colors_info=\u00a0\u00bb{}\u00a0\u00bb][et_pb_row _builder_version=\u00a0\u00bb4.15.1&Prime; _module_preset=\u00a0\u00bbdefault\u00a0\u00bb custom_margin=\u00a0\u00bb0px||0px||false|false\u00a0\u00bb custom_padding=\u00a0\u00bb0px||0px||false|false\u00a0\u00bb global_colors_info=\u00a0\u00bb{}\u00a0\u00bb][et_pb_column type=\u00a0\u00bb4_4&Prime; _builder_version=\u00a0\u00bb4.15.1&Prime; _module_preset=\u00a0\u00bbdefault\u00a0\u00bb global_colors_info=\u00a0\u00bb{}\u00a0\u00bb][et_pb_post_title meta=\u00a0\u00bboff\u00a0\u00bb featured_image=\u00a0\u00bboff\u00a0\u00bb text_color=\u00a0\u00bblight\u00a0\u00bb _builder_version=\u00a0\u00bb4.15.1&Prime; _module_preset=\u00a0\u00bbdefault\u00a0\u00bb title_font=\u00a0\u00bb|300|||||||\u00a0\u00bb text_orientation=\u00a0\u00bbcenter\u00a0\u00bb animation_style=\u00a0\u00bbslide\u00a0\u00bb animation_direction=\u00a0\u00bbtop\u00a0\u00bb title_text_shadow_style=\u00a0\u00bbpreset3&Prime; global_colors_info=\u00a0\u00bb{}\u00a0\u00bb][\/et_pb_post_title][\/et_pb_column][\/et_pb_row][\/et_pb_section][et_pb_section fb_built=\u00a0\u00bb1&Prime; _builder_version=\u00a0\u00bb4.15.1&Prime; _module_preset=\u00a0\u00bbdefault\u00a0\u00bb global_colors_info=\u00a0\u00bb{}\u00a0\u00bb][et_pb_row _builder_version=\u00a0\u00bb4.15.1&Prime; _module_preset=\u00a0\u00bbdefault\u00a0\u00bb max_width=\u00a0\u00bb900px\u00a0\u00bb custom_margin=\u00a0\u00bb0px||80px||false|false\u00a0\u00bb custom_padding=\u00a0\u00bb0px||0px||false|false\u00a0\u00bb global_colors_info=\u00a0\u00bb{}\u00a0\u00bb][et_pb_column type=\u00a0\u00bb4_4&Prime; _builder_version=\u00a0\u00bb4.15.1&Prime; _module_preset=\u00a0\u00bbdefault\u00a0\u00bb global_colors_info=\u00a0\u00bb{}\u00a0\u00bb][et_pb_text module_id=\u00a0\u00bbinicio-intranet\u00a0\u00bb _builder_version=\u00a0\u00bb4.15.1&Prime; _module_preset=\u00a0\u00bbdefault\u00a0\u00bb header_font=\u00a0\u00bb||||||||\u00a0\u00bb header_5_font=\u00a0\u00bb|600||on|||||\u00a0\u00bb header_5_text_color=\u00a0\u00bb#F8931D\u00a0\u00bb header_6_font=\u00a0\u00bb|||on|||||\u00a0\u00bb header_6_text_color=\u00a0\u00bb#58585A\u00a0\u00bb text_orientation=\u00a0\u00bbcenter\u00a0\u00bb global_colors_info=\u00a0\u00bb{}\u00a0\u00bb]<\/p>\n<h5>Nous travaillons toujours avec un budget afin que vous sachiez combien co\u00fbtera votre traduction.<\/h5>\n<p><h7 style=\"text-align: center;\"><strong>Vous souhaitez nous envoyer votre budget de mani\u00e8re agile et simple ?<\/strong><\/h7><\/p>\n<p>Vous aurez tout clair avant de commander la traduction, sans surprise de derni\u00e8re minute. Pour cette raison, nous voulons \u00e9valuer exactement ce qui doit \u00eatre traduit et nous avons besoin de voir le texte ou le document \u00e0 partir duquel nous commencerions. Cliquez sur le bouton d&rsquo;acc\u00e8s pour pouvoir t\u00e9l\u00e9charger une copie du document \u00e0 traduire sur notre plateforme de la mani\u00e8re que nous vous indiquons et nous vous enverrons un devis personnalis\u00e9.<\/p>\n<p>[\/et_pb_text][\/et_pb_column][\/et_pb_row][et_pb_row column_structure=\u00a0\u00bb1_2,1_2&Prime; make_equal=\u00a0\u00bbon\u00a0\u00bb _builder_version=\u00a0\u00bb4.15.1&Prime; _module_preset=\u00a0\u00bbdefault\u00a0\u00bb custom_margin=\u00a0\u00bb0px||0px||false|false\u00a0\u00bb custom_padding=\u00a0\u00bb0px||50px||false|false\u00a0\u00bb global_colors_info=\u00a0\u00bb{}\u00a0\u00bb][et_pb_column type=\u00a0\u00bb1_2&Prime; _builder_version=\u00a0\u00bb4.15.1&Prime; _module_preset=\u00a0\u00bbdefault\u00a0\u00bb background_color=\u00a0\u00bb#F4F4F4&Prime; custom_padding=\u00a0\u00bb50px|50px|50px|50px|false|false\u00a0\u00bb custom_padding_tablet=\u00a0\u00bb20px|20px|20px|20px|false|false\u00a0\u00bb custom_padding_phone=\u00a0\u00bb20px|20px|20px|20px|false|false\u00a0\u00bb custom_padding_last_edited=\u00a0\u00bbon|tablet\u00a0\u00bb custom_css_main_element=\u00a0\u00bb    display: -webkit-flex;||    display: -ms-flexbox;||    display: flex;||    -webkit-flex-direction: column;||    -ms-flex-direction: column;||    flex-direction: column; ||-webkit-justify-content: space-between;||\t-ms-flex-pack: justify;||\tjustify-content: space-between;||\u00a0\u00bb border_radii=\u00a0\u00bbon|40px|40px|40px|40px\u00a0\u00bb global_colors_info=\u00a0\u00bb{}\u00a0\u00bb][et_pb_text _builder_version=\u00a0\u00bb4.15.1&Prime; _module_preset=\u00a0\u00bbdefault\u00a0\u00bb text_font=\u00a0\u00bb||||||||\u00a0\u00bb header_2_font=\u00a0\u00bb|700||on|||||\u00a0\u00bb header_2_text_color=\u00a0\u00bb#F8931D\u00a0\u00bb header_5_font=\u00a0\u00bb|700||on|||||\u00a0\u00bb header_5_text_color=\u00a0\u00bb#58585A\u00a0\u00bb custom_margin=\u00a0\u00bb0px||20px||false|false\u00a0\u00bb custom_padding=\u00a0\u00bb0px||0px||false|false\u00a0\u00bb text_orientation_tablet=\u00a0\u00bbcenter\u00a0\u00bb text_orientation_phone=\u00a0\u00bbcenter\u00a0\u00bb text_orientation_last_edited=\u00a0\u00bbon|tablet\u00a0\u00bb global_colors_info=\u00a0\u00bb{}\u00a0\u00bb]<\/p>\n<h2>Marcher 1<\/h2>\n<h5>Des instructions<\/h5>\n<p>La premi\u00e8re chose \u00e0 faire en entrant dans l&rsquo;espace d&rsquo;upload est de nommer votre ou vos fichier(s) \u00e0 uploader de cette fa\u00e7on pour pouvoir l&rsquo;identifier :<em style=\"font-size: 20px;\">Nom_Email_T\u00e9l\u00e9phone<\/em> \u2013 Ej: <strong><a href=\"mailto:alonso@gmail.com\">CarlosAlonso_alonso@gmail.com_666666666<\/a><\/strong><\/p>\n<p>Une fois cela fait, cliquez sur \u00ab\u00a0S\u00e9lectionner ou glisser-d\u00e9poser des fichiers\u00a0\u00bb ou d\u00e9posez les fichiers sur l&rsquo;espace interactif.<\/p>\n<p>[\/et_pb_text][et_pb_button button_url=\u00a0\u00bbhttps:\/\/agptraducciones.oficinavp.com\/index.php\/s\/pWByEBRGZGRGMnf\u00a0\u00bb url_new_window=\u00a0\u00bbon\u00a0\u00bb button_text=\u00a0\u00bbT\u00e9l\u00e9chargement de fichiers\u00a0\u00bb button_alignment=\u00a0\u00bbright\u00a0\u00bb button_alignment_tablet=\u00a0\u00bbcenter\u00a0\u00bb button_alignment_phone=\u00a0\u00bbcenter\u00a0\u00bb button_alignment_last_edited=\u00a0\u00bbon|tablet\u00a0\u00bb disabled_on=\u00a0\u00bboff|off|off\u00a0\u00bb _builder_version=\u00a0\u00bb4.15.1&Prime; _module_preset=\u00a0\u00bbdefault\u00a0\u00bb global_colors_info=\u00a0\u00bb{}\u00a0\u00bb][\/et_pb_button][\/et_pb_column][et_pb_column type=\u00a0\u00bb1_2&Prime; _builder_version=\u00a0\u00bb4.15.1&Prime; _module_preset=\u00a0\u00bbdefault\u00a0\u00bb background_color=\u00a0\u00bb#F4F4F4&Prime; custom_padding=\u00a0\u00bb50px|50px|50px|50px|false|false\u00a0\u00bb custom_padding_tablet=\u00a0\u00bb20px|20px|20px|20px|false|false\u00a0\u00bb custom_padding_phone=\u00a0\u00bb20px|20px|20px|20px|false|false\u00a0\u00bb custom_padding_last_edited=\u00a0\u00bbon|tablet\u00a0\u00bb custom_css_main_element=\u00a0\u00bb    display: -webkit-flex;||    display: -ms-flexbox;||    display: flex;||    -webkit-flex-direction: column;||    -ms-flex-direction: column;||    flex-direction: column; ||-webkit-justify-content: space-between;||\t-ms-flex-pack: justify;||\tjustify-content: space-between;||\u00a0\u00bb border_radii=\u00a0\u00bbon|40px|40px|40px|40px\u00a0\u00bb global_colors_info=\u00a0\u00bb{}\u00a0\u00bb][et_pb_text _builder_version=\u00a0\u00bb4.15.1&Prime; _module_preset=\u00a0\u00bbdefault\u00a0\u00bb text_font=\u00a0\u00bb||||||||\u00a0\u00bb header_2_font=\u00a0\u00bb|700||on|||||\u00a0\u00bb header_2_text_color=\u00a0\u00bb#F8931D\u00a0\u00bb header_5_font=\u00a0\u00bb|700||on|||||\u00a0\u00bb header_5_text_color=\u00a0\u00bb#58585A\u00a0\u00bb custom_margin=\u00a0\u00bb0px||20px||false|false\u00a0\u00bb custom_padding=\u00a0\u00bb0px||0px||false|false\u00a0\u00bb hover_enabled=\u00a0\u00bb0&Prime; text_orientation_tablet=\u00a0\u00bbcenter\u00a0\u00bb text_orientation_phone=\u00a0\u00bbcenter\u00a0\u00bb text_orientation_last_edited=\u00a0\u00bbon|tablet\u00a0\u00bb global_colors_info=\u00a0\u00bb{}\u00a0\u00bb sticky_enabled=\u00a0\u00bb0&Prime;]<\/p>\n<h2>Marcher 2<\/h2>\n<h5>DES INSTRUCTIONS<\/h5>\n<p>Une fois que les fichiers ont \u00e9t\u00e9 t\u00e9l\u00e9charg\u00e9s selon les instructions de l&rsquo;\u00e9tape 1 et que nous avons envoy\u00e9 le budget personnalis\u00e9 et le mode de paiement, acc\u00e9dez \u00e0 notre formulaire de paiement num\u00e9rique pour terminer le processus.<\/p>\n<p>[\/et_pb_text][et_pb_button button_url=\u00a0\u00bb@ET-DC@eyJkeW5hbWljIjp0cnVlLCJjb250ZW50IjoicG9zdF9saW5rX3VybF9wYWdlIiwic2V0dGluZ3MiOnsicG9zdF9pZCI6IjQ1MiJ9fQ==@\u00a0\u00bb button_text=\u00a0\u00bbFormulaire de paiement\u00a0\u00bb button_alignment=\u00a0\u00bbright\u00a0\u00bb button_alignment_tablet=\u00a0\u00bbcenter\u00a0\u00bb button_alignment_phone=\u00a0\u00bbcenter\u00a0\u00bb button_alignment_last_edited=\u00a0\u00bbon|tablet\u00a0\u00bb disabled_on=\u00a0\u00bboff|off|off\u00a0\u00bb _builder_version=\u00a0\u00bb4.15.1&Prime; _dynamic_attributes=\u00a0\u00bbbutton_url\u00a0\u00bb _module_preset=\u00a0\u00bbdefault\u00a0\u00bb global_colors_info=\u00a0\u00bb{}\u00a0\u00bb][\/et_pb_button][\/et_pb_column][\/et_pb_row][et_pb_row _builder_version=\u00a0\u00bb4.15.1&Prime; _module_preset=\u00a0\u00bbdefault\u00a0\u00bb custom_padding=\u00a0\u00bb50px|||||\u00a0\u00bb global_colors_info=\u00a0\u00bb{}\u00a0\u00bb][et_pb_column type=\u00a0\u00bb4_4&Prime; _builder_version=\u00a0\u00bb4.15.1&Prime; _module_preset=\u00a0\u00bbdefault\u00a0\u00bb global_colors_info=\u00a0\u00bb{}\u00a0\u00bb][et_pb_text _builder_version=\u00a0\u00bb4.15.1&Prime; _module_preset=\u00a0\u00bbdefault\u00a0\u00bb text_text_color=\u00a0\u00bb#F8931D\u00a0\u00bb header_text_color=\u00a0\u00bb#F8931D\u00a0\u00bb header_3_text_color=\u00a0\u00bb#F8931D\u00a0\u00bb global_colors_info=\u00a0\u00bb{}\u00a0\u00bb]<\/p>\n<h3><strong>Formulaire de contact<\/strong><\/h3>\n<p>[\/et_pb_text][et_pb_code _builder_version=\u00a0\u00bb4.15.1&Prime; _module_preset=\u00a0\u00bbdefault\u00a0\u00bb global_colors_info=\u00a0\u00bb{}\u00a0\u00bb]\n<div class=\"wpcf7 no-js\" id=\"wpcf7-f1298-o1\" lang=\"fr-FR\" dir=\"ltr\" data-wpcf7-id=\"1298\">\n<div class=\"screen-reader-response\"><p role=\"status\" aria-live=\"polite\" aria-atomic=\"true\"><\/p> <ul><\/ul><\/div>\n<form action=\"\/fr\/wp-json\/wp\/v2\/pages\/2314#wpcf7-f1298-o1\" method=\"post\" class=\"wpcf7-form init\" aria-label=\"Formulaire de contact\" novalidate=\"novalidate\" data-status=\"init\">\n<div style=\"display: none;\">\n<input type=\"hidden\" name=\"_wpcf7\" value=\"1298\" \/>\n<input type=\"hidden\" name=\"_wpcf7_version\" value=\"6.0.6\" \/>\n<input type=\"hidden\" name=\"_wpcf7_locale\" value=\"fr_FR\" \/>\n<input type=\"hidden\" name=\"_wpcf7_unit_tag\" value=\"wpcf7-f1298-o1\" \/>\n<input type=\"hidden\" name=\"_wpcf7_container_post\" value=\"0\" \/>\n<input type=\"hidden\" name=\"_wpcf7_posted_data_hash\" value=\"\" \/>\n<input type=\"hidden\" name=\"_wpcf7_recaptcha_response\" value=\"\" \/>\n<\/div>\n<div class=\"dipe_row\">\n\t<div class=\"dipe_col\">\n\t\t<p><span class=\"wpcf7-form-control-wrap\" data-name=\"nombre\"><input size=\"40\" maxlength=\"400\" class=\"wpcf7-form-control wpcf7-text wpcf7-validates-as-required\" aria-required=\"true\" aria-invalid=\"false\" placeholder=\"Nom *\" value=\"\" type=\"text\" name=\"nombre\" \/><\/span>\n\t\t<\/p>\n\t<\/div>\n\t<div class=\"dipe_col\">\n\t\t<p><span class=\"wpcf7-form-control-wrap\" data-name=\"empresa\"><input size=\"40\" maxlength=\"400\" class=\"wpcf7-form-control wpcf7-text\" aria-invalid=\"false\" placeholder=\"Enterprise\" value=\"\" type=\"text\" name=\"empresa\" \/><\/span>\n\t\t<\/p>\n\t<\/div>\n<\/div>\n<div class=\"dipe_row\">\n\t<div class=\"dipe_col\">\n\t\t<p><span class=\"wpcf7-form-control-wrap\" data-name=\"telefono\"><input size=\"40\" maxlength=\"400\" class=\"wpcf7-form-control wpcf7-tel wpcf7-text wpcf7-validates-as-tel\" aria-invalid=\"false\" placeholder=\"Tel\u00e9phone\" value=\"\" type=\"tel\" name=\"telefono\" \/><\/span>\n\t\t<\/p>\n\t<\/div>\n\t<div class=\"dipe_col\">\n\t\t<p><span class=\"wpcf7-form-control-wrap\" data-name=\"email\"><input size=\"40\" maxlength=\"400\" class=\"wpcf7-form-control wpcf7-email wpcf7-validates-as-required wpcf7-text wpcf7-validates-as-email\" aria-required=\"true\" aria-invalid=\"false\" placeholder=\"Email *\" value=\"\" type=\"email\" name=\"email\" \/><\/span>\n\t\t<\/p>\n\t<\/div>\n<\/div>\n<div class=\"dipe_row\">\n\t<div class=\"dipe_col\">\n\t\t<p><span class=\"wpcf7-form-control-wrap\" data-name=\"asunto\"><input size=\"40\" maxlength=\"400\" class=\"wpcf7-form-control wpcf7-text wpcf7-validates-as-required\" aria-required=\"true\" aria-invalid=\"false\" placeholder=\"Sujet *\" value=\"\" type=\"text\" name=\"asunto\" \/><\/span>\n\t\t<\/p>\n\t<\/div>\n<\/div>\n<div class=\"dipe_row\">\n\t<div class=\"dipe_col\">\n\t\t<p><span class=\"wpcf7-form-control-wrap\" data-name=\"mensaje\"><textarea cols=\"40\" rows=\"10\" maxlength=\"2000\" class=\"wpcf7-form-control wpcf7-textarea wpcf7-validates-as-required\" aria-required=\"true\" aria-invalid=\"false\" placeholder=\"Menssage *\" name=\"mensaje\"><\/textarea><\/span>\n\t\t<\/p>\n\t<\/div>\n<\/div>\n<div class=\"dipe_row\">\n\t<div class=\"dipe_col\">\n\t\t<p><span class=\"wpcf7-form-control-wrap\" data-name=\"legal\"><span class=\"wpcf7-form-control wpcf7-acceptance\"><span class=\"wpcf7-list-item\"><label><input type=\"checkbox\" name=\"legal\" value=\"1\" aria-invalid=\"false\" \/><span class=\"wpcf7-list-item-label\">J'ai lu et j'accepte les <strong><a target=\"_blank\" href=\"\/aviso-legal\">Mentions l\u00e9gales<\/a><\/strong> et la <strong><a target=\"_blank\" href=\"\/politica-de-privacidad\">Politique de confidentialit\u00e9<\/a><\/strong><\/span><\/label><\/span><\/span><\/span>\n\t\t<\/p>\n\t<\/div>\n<\/div>\n<div class=\"dipe_row\">\n\t<div class=\"dipe_col\">\n\t\t<p><input class=\"wpcf7-form-control wpcf7-submit has-spinner\" type=\"submit\" value=\"Enviar\" \/>\n\t\t<\/p>\n\t<\/div>\n<\/div><div class=\"wpcf7-response-output\" aria-hidden=\"true\"><\/div>\n<\/form>\n<\/div>\n[\/et_pb_code][\/et_pb_column][\/et_pb_row][\/et_pb_section]<\/p>\n","protected":false},"excerpt":{"rendered":"<p>Nous travaillons toujours avec un budget afin que vous sachiez combien co\u00fbtera votre traduction. Vous souhaitez nous envoyer votre budget de mani\u00e8re agile et simple ? Vous aurez tout clair avant de commander la traduction, sans surprise de derni\u00e8re minute. Pour cette raison, nous voulons \u00e9valuer exactement ce qui doit \u00eatre traduit et nous avons [&hellip;]<\/p>\n","protected":false},"author":1,"featured_media":2300,"parent":0,"menu_order":0,"comment_status":"closed","ping_status":"closed","template":"","meta":{"_et_pb_use_builder":"on","_et_pb_old_content":"","_et_gb_content_width":"","footnotes":""},"class_list":["post-2314","page","type-page","status-publish","has-post-thumbnail","hentry"],"yoast_head":"<!-- This site is optimized with the Yoast SEO plugin v25.2 - https:\/\/yoast.com\/wordpress\/plugins\/seo\/ -->\n<title>Intranet &#8226; agp Traducciones<\/title>\n<meta name=\"robots\" content=\"index, follow, max-snippet:-1, max-image-preview:large, max-video-preview:-1\" \/>\n<link rel=\"canonical\" href=\"https:\/\/www.agptraducciones.com\/fr\/intranet\/\" \/>\n<meta property=\"og:locale\" content=\"fr_FR\" \/>\n<meta property=\"og:type\" content=\"article\" \/>\n<meta property=\"og:title\" content=\"Intranet &#8226; agp Traducciones\" \/>\n<meta property=\"og:description\" content=\"Nous travaillons toujours avec un budget afin que vous sachiez combien co\u00fbtera votre traduction. Vous souhaitez nous envoyer votre budget de mani\u00e8re agile et simple ? Vous aurez tout clair avant de commander la traduction, sans surprise de derni\u00e8re minute. Pour cette raison, nous voulons \u00e9valuer exactement ce qui doit \u00eatre traduit et nous avons [&hellip;]\" \/>\n<meta property=\"og:url\" content=\"https:\/\/www.agptraducciones.com\/fr\/intranet\/\" \/>\n<meta property=\"og:site_name\" content=\"agp Traducciones\" \/>\n<meta property=\"article:modified_time\" content=\"2022-09-22T08:55:42+00:00\" \/>\n<meta property=\"og:image\" content=\"https:\/\/www.agptraducciones.com\/wp-content\/uploads\/2022\/04\/agp-traducciones-intranet-01.jpg\" \/>\n\t<meta property=\"og:image:width\" content=\"1920\" \/>\n\t<meta property=\"og:image:height\" content=\"800\" \/>\n\t<meta property=\"og:image:type\" content=\"image\/jpeg\" \/>\n<meta name=\"twitter:card\" content=\"summary_large_image\" \/>\n<meta name=\"twitter:label1\" content=\"Dur\u00e9e de lecture estim\u00e9e\" \/>\n\t<meta name=\"twitter:data1\" content=\"2 minutes\" \/>\n<script type=\"application\/ld+json\" class=\"yoast-schema-graph\">{\"@context\":\"https:\/\/schema.org\",\"@graph\":[{\"@type\":\"WebPage\",\"@id\":\"https:\/\/www.agptraducciones.com\/fr\/intranet\/\",\"url\":\"https:\/\/www.agptraducciones.com\/fr\/intranet\/\",\"name\":\"Intranet &#8226; agp Traducciones\",\"isPartOf\":{\"@id\":\"https:\/\/www.agptraducciones.com\/fr\/#website\"},\"primaryImageOfPage\":{\"@id\":\"https:\/\/www.agptraducciones.com\/fr\/intranet\/#primaryimage\"},\"image\":{\"@id\":\"https:\/\/www.agptraducciones.com\/fr\/intranet\/#primaryimage\"},\"thumbnailUrl\":\"https:\/\/www.agptraducciones.com\/wp-content\/uploads\/2022\/04\/agp-traducciones-intranet-01.jpg\",\"datePublished\":\"2022-04-28T06:49:41+00:00\",\"dateModified\":\"2022-09-22T08:55:42+00:00\",\"breadcrumb\":{\"@id\":\"https:\/\/www.agptraducciones.com\/fr\/intranet\/#breadcrumb\"},\"inLanguage\":\"fr-FR\",\"potentialAction\":[{\"@type\":\"ReadAction\",\"target\":[\"https:\/\/www.agptraducciones.com\/fr\/intranet\/\"]}]},{\"@type\":\"ImageObject\",\"inLanguage\":\"fr-FR\",\"@id\":\"https:\/\/www.agptraducciones.com\/fr\/intranet\/#primaryimage\",\"url\":\"https:\/\/www.agptraducciones.com\/wp-content\/uploads\/2022\/04\/agp-traducciones-intranet-01.jpg\",\"contentUrl\":\"https:\/\/www.agptraducciones.com\/wp-content\/uploads\/2022\/04\/agp-traducciones-intranet-01.jpg\",\"width\":1920,\"height\":800,\"caption\":\"Intranet\"},{\"@type\":\"BreadcrumbList\",\"@id\":\"https:\/\/www.agptraducciones.com\/fr\/intranet\/#breadcrumb\",\"itemListElement\":[{\"@type\":\"ListItem\",\"position\":1,\"name\":\"Inicio\",\"item\":\"https:\/\/www.agptraducciones.com\/fr\/\"},{\"@type\":\"ListItem\",\"position\":2,\"name\":\"Intranet\"}]},{\"@type\":\"WebSite\",\"@id\":\"https:\/\/www.agptraducciones.com\/fr\/#website\",\"url\":\"https:\/\/www.agptraducciones.com\/fr\/\",\"name\":\"agp Traducciones\",\"description\":\"Empresa de traducci\u00f3n profesional \ud83d\udcac\",\"publisher\":{\"@id\":\"https:\/\/www.agptraducciones.com\/fr\/#organization\"},\"potentialAction\":[{\"@type\":\"SearchAction\",\"target\":{\"@type\":\"EntryPoint\",\"urlTemplate\":\"https:\/\/www.agptraducciones.com\/fr\/?s={search_term_string}\"},\"query-input\":{\"@type\":\"PropertyValueSpecification\",\"valueRequired\":true,\"valueName\":\"search_term_string\"}}],\"inLanguage\":\"fr-FR\"},{\"@type\":\"Organization\",\"@id\":\"https:\/\/www.agptraducciones.com\/fr\/#organization\",\"name\":\"agp Traducciones\",\"url\":\"https:\/\/www.agptraducciones.com\/fr\/\",\"logo\":{\"@type\":\"ImageObject\",\"inLanguage\":\"fr-FR\",\"@id\":\"https:\/\/www.agptraducciones.com\/fr\/#\/schema\/logo\/image\/\",\"url\":\"https:\/\/www.agptraducciones.com\/wp-content\/uploads\/2022\/03\/logo-color-agp-traducciones-01.png\",\"contentUrl\":\"https:\/\/www.agptraducciones.com\/wp-content\/uploads\/2022\/03\/logo-color-agp-traducciones-01.png\",\"width\":480,\"height\":270,\"caption\":\"agp Traducciones\"},\"image\":{\"@id\":\"https:\/\/www.agptraducciones.com\/fr\/#\/schema\/logo\/image\/\"}}]}<\/script>\n<!-- \/ Yoast SEO plugin. -->","yoast_head_json":{"title":"Intranet &#8226; agp Traducciones","robots":{"index":"index","follow":"follow","max-snippet":"max-snippet:-1","max-image-preview":"max-image-preview:large","max-video-preview":"max-video-preview:-1"},"canonical":"https:\/\/www.agptraducciones.com\/fr\/intranet\/","og_locale":"fr_FR","og_type":"article","og_title":"Intranet &#8226; agp Traducciones","og_description":"Nous travaillons toujours avec un budget afin que vous sachiez combien co\u00fbtera votre traduction. Vous souhaitez nous envoyer votre budget de mani\u00e8re agile et simple ? Vous aurez tout clair avant de commander la traduction, sans surprise de derni\u00e8re minute. Pour cette raison, nous voulons \u00e9valuer exactement ce qui doit \u00eatre traduit et nous avons [&hellip;]","og_url":"https:\/\/www.agptraducciones.com\/fr\/intranet\/","og_site_name":"agp Traducciones","article_modified_time":"2022-09-22T08:55:42+00:00","og_image":[{"width":1920,"height":800,"url":"https:\/\/www.agptraducciones.com\/wp-content\/uploads\/2022\/04\/agp-traducciones-intranet-01.jpg","type":"image\/jpeg"}],"twitter_card":"summary_large_image","twitter_misc":{"Dur\u00e9e de lecture estim\u00e9e":"2 minutes"},"schema":{"@context":"https:\/\/schema.org","@graph":[{"@type":"WebPage","@id":"https:\/\/www.agptraducciones.com\/fr\/intranet\/","url":"https:\/\/www.agptraducciones.com\/fr\/intranet\/","name":"Intranet &#8226; agp Traducciones","isPartOf":{"@id":"https:\/\/www.agptraducciones.com\/fr\/#website"},"primaryImageOfPage":{"@id":"https:\/\/www.agptraducciones.com\/fr\/intranet\/#primaryimage"},"image":{"@id":"https:\/\/www.agptraducciones.com\/fr\/intranet\/#primaryimage"},"thumbnailUrl":"https:\/\/www.agptraducciones.com\/wp-content\/uploads\/2022\/04\/agp-traducciones-intranet-01.jpg","datePublished":"2022-04-28T06:49:41+00:00","dateModified":"2022-09-22T08:55:42+00:00","breadcrumb":{"@id":"https:\/\/www.agptraducciones.com\/fr\/intranet\/#breadcrumb"},"inLanguage":"fr-FR","potentialAction":[{"@type":"ReadAction","target":["https:\/\/www.agptraducciones.com\/fr\/intranet\/"]}]},{"@type":"ImageObject","inLanguage":"fr-FR","@id":"https:\/\/www.agptraducciones.com\/fr\/intranet\/#primaryimage","url":"https:\/\/www.agptraducciones.com\/wp-content\/uploads\/2022\/04\/agp-traducciones-intranet-01.jpg","contentUrl":"https:\/\/www.agptraducciones.com\/wp-content\/uploads\/2022\/04\/agp-traducciones-intranet-01.jpg","width":1920,"height":800,"caption":"Intranet"},{"@type":"BreadcrumbList","@id":"https:\/\/www.agptraducciones.com\/fr\/intranet\/#breadcrumb","itemListElement":[{"@type":"ListItem","position":1,"name":"Inicio","item":"https:\/\/www.agptraducciones.com\/fr\/"},{"@type":"ListItem","position":2,"name":"Intranet"}]},{"@type":"WebSite","@id":"https:\/\/www.agptraducciones.com\/fr\/#website","url":"https:\/\/www.agptraducciones.com\/fr\/","name":"agp Traducciones","description":"Empresa de traducci\u00f3n profesional \ud83d\udcac","publisher":{"@id":"https:\/\/www.agptraducciones.com\/fr\/#organization"},"potentialAction":[{"@type":"SearchAction","target":{"@type":"EntryPoint","urlTemplate":"https:\/\/www.agptraducciones.com\/fr\/?s={search_term_string}"},"query-input":{"@type":"PropertyValueSpecification","valueRequired":true,"valueName":"search_term_string"}}],"inLanguage":"fr-FR"},{"@type":"Organization","@id":"https:\/\/www.agptraducciones.com\/fr\/#organization","name":"agp Traducciones","url":"https:\/\/www.agptraducciones.com\/fr\/","logo":{"@type":"ImageObject","inLanguage":"fr-FR","@id":"https:\/\/www.agptraducciones.com\/fr\/#\/schema\/logo\/image\/","url":"https:\/\/www.agptraducciones.com\/wp-content\/uploads\/2022\/03\/logo-color-agp-traducciones-01.png","contentUrl":"https:\/\/www.agptraducciones.com\/wp-content\/uploads\/2022\/03\/logo-color-agp-traducciones-01.png","width":480,"height":270,"caption":"agp Traducciones"},"image":{"@id":"https:\/\/www.agptraducciones.com\/fr\/#\/schema\/logo\/image\/"}}]}},"_links":{"self":[{"href":"https:\/\/www.agptraducciones.com\/fr\/wp-json\/wp\/v2\/pages\/2314","targetHints":{"allow":["GET"]}}],"collection":[{"href":"https:\/\/www.agptraducciones.com\/fr\/wp-json\/wp\/v2\/pages"}],"about":[{"href":"https:\/\/www.agptraducciones.com\/fr\/wp-json\/wp\/v2\/types\/page"}],"author":[{"embeddable":true,"href":"https:\/\/www.agptraducciones.com\/fr\/wp-json\/wp\/v2\/users\/1"}],"replies":[{"embeddable":true,"href":"https:\/\/www.agptraducciones.com\/fr\/wp-json\/wp\/v2\/comments?post=2314"}],"version-history":[{"count":9,"href":"https:\/\/www.agptraducciones.com\/fr\/wp-json\/wp\/v2\/pages\/2314\/revisions"}],"predecessor-version":[{"id":3252,"href":"https:\/\/www.agptraducciones.com\/fr\/wp-json\/wp\/v2\/pages\/2314\/revisions\/3252"}],"wp:featuredmedia":[{"embeddable":true,"href":"https:\/\/www.agptraducciones.com\/fr\/wp-json\/wp\/v2\/media\/2300"}],"wp:attachment":[{"href":"https:\/\/www.agptraducciones.com\/fr\/wp-json\/wp\/v2\/media?parent=2314"}],"curies":[{"name":"wp","href":"https:\/\/api.w.org\/{rel}","templated":true}]}}