{"id":1426,"date":"2020-02-17T09:27:38","date_gmt":"2020-02-17T09:27:38","guid":{"rendered":"https:\/\/agptraducciones.com.46-231-5-178.46-231-5-178.visualpublinet.com\/aviso-legal\/"},"modified":"2022-07-26T10:06:24","modified_gmt":"2022-07-26T10:06:24","slug":"aviso-legal","status":"publish","type":"page","link":"https:\/\/www.agptraducciones.com\/gl\/aviso-legal\/","title":{"rendered":"Aviso legal"},"content":{"rendered":"<p>[et_pb_section fb_built=&#8221;1&#8243; custom_padding_last_edited=&#8221;on|phone&#8221; _builder_version=&#8221;4.15.1&#8243; _module_preset=&#8221;default&#8221; use_background_color_gradient=&#8221;on&#8221; background_color_gradient_start=&#8221;#f78b1f&#8221; background_color_gradient_end=&#8221;#f26527&#8243; background_color_gradient_direction=&#8221;48deg&#8221; custom_padding=&#8221;280px||||false|false&#8221; custom_padding_tablet=&#8221;180px||||false|false&#8221; custom_padding_phone=&#8221;150px||||false|false&#8221; border_radii=&#8221;off|||80px|80px&#8221; locked=&#8221;off&#8221; global_colors_info=&#8221;{}&#8221; global_module=&#8221;404&#8243; saved_tabs=&#8221;all&#8221;][et_pb_row _builder_version=&#8221;4.15.1&#8243; _module_preset=&#8221;default&#8221; custom_margin=&#8221;0px||0px||false|false&#8221; custom_padding=&#8221;0px||0px||false|false&#8221; global_colors_info=&#8221;{}&#8221;][et_pb_column type=&#8221;4_4&#8243; _builder_version=&#8221;4.15.1&#8243; _module_preset=&#8221;default&#8221; global_colors_info=&#8221;{}&#8221;][et_pb_post_title meta=&#8221;off&#8221; featured_image=&#8221;off&#8221; text_color=&#8221;light&#8221; _builder_version=&#8221;4.15.1&#8243; _module_preset=&#8221;default&#8221; title_text_color=&#8221;#FFFFFF&#8221; text_orientation=&#8221;center&#8221; global_colors_info=&#8221;{}&#8221;][\/et_pb_post_title][\/et_pb_column][\/et_pb_row][\/et_pb_section][et_pb_section fb_built=&#8221;1&#8243; admin_label=&#8221;section&#8221; _builder_version=&#8221;4.15&#8243; global_colors_info=&#8221;{}&#8221;][et_pb_row admin_label=&#8221;row&#8221; _builder_version=&#8221;4.15&#8243; background_size=&#8221;initial&#8221; background_position=&#8221;top_left&#8221; background_repeat=&#8221;repeat&#8221; global_colors_info=&#8221;{}&#8221;][et_pb_column type=&#8221;4_4&#8243; _builder_version=&#8221;4.15&#8243; custom_padding=&#8221;|||&#8221; global_colors_info=&#8221;{}&#8221; custom_padding__hover=&#8221;|||&#8221;][et_pb_text admin_label=&#8221;Text&#8221; _builder_version=&#8221;4.15.1&#8243; background_size=&#8221;initial&#8221; background_position=&#8221;top_left&#8221; background_repeat=&#8221;repeat&#8221; global_colors_info=&#8221;{}&#8221;]<\/p>\n<div id=\"clickdatos\">\n<p>No presente Aviso Legal, o Usuario poder\u00e1 atopar toda a informaci\u00f3n relativa \u00e1s condici\u00f3ns legais que definen as relaci\u00f3ns entre os usuarios e o responsable da p\u00e1xina web accesible no enderezo URL https:\/\/agptraducciones.com (en diante, o sitio web), que <span>SERVICIOS LING\u00dc\u00cdSTICOS GAIA, S.L.U. <\/span>pon \u00e1 disposici\u00f3n dos usuarios de Internet.<br \/>A utilizaci\u00f3n do sitio web implica a aceptaci\u00f3n plena e sen reservas de todas e cada unha das disposici\u00f3ns inclu\u00eddas neste Aviso Legal. En consecuencia, o usuario do sitio web debe ler atentamente o presente Aviso Legal en cada unha das ocasi\u00f3ns en que se propo\u00f1a utilizar a web, xa que o texto poder\u00eda sufrir modificaci\u00f3ns a criterio do titular da web, ou a causa dun cambio lexislativo, xurisprudencial ou na pr\u00e1ctica empresarial.<\/p>\n<h2>1.- DATOS DO RESPONSABLE TITULAR DO SITIO WEB.<\/h2>\n<p>Nome do titular: <span>SERVICIOS LING\u00dc\u00cdSTICOS GAIA, S.L.U.<\/span><br \/>Domicilio social: <span>&nbsp;Avenida Gran V\u00eda, n.\u00ba 5 \u2013 1\u00ba B, 36204 Vigo (Pontevedra)<\/span><br \/>C.I.F.: <span>B36926830<\/span><br \/>Tel\u00e9fono de contacto: <span>986 484 061<\/span><br \/>Correo electr\u00f3nico: <a href=\"mailto:admin@agptraducciones.com\" data-aalisten=\"1\">admin@agptraducciones.com<\/a><\/p>\n<p><span>SERVICIOS LING\u00dc\u00cdSTICOS GAIA, S.L.U. <\/span>\u00e9 o responsable do Sitio Web e comprom\u00e9tese a cumprir con todos os requisitos nacionais e europeos que regulamentan o uso dos datos persoais dos usuarios.<\/p>\n<p>Este Sitio Web garante a protecci\u00f3n e confidencialidade dos datos persoais que nos proporcionen de acordo co disposto no Regulamento xeral de protecci\u00f3n de datos de car\u00e1cter persoal (UE) 2016\/679, do Parlamento Europeo e do Consello, do 27 de abril de 2016, na Lei org\u00e1nica 3\/2018, de protecci\u00f3n de datos persoais e garant\u00eda dos dereitos dixitais, as\u00ed como na Lei de servizos da sociedade da informaci\u00f3n e comercio electr\u00f3nico 34\/2002 do 11 de xullo (LSSI-CE).<\/p>\n<h2>2.- OBXECTO.<\/h2>\n<p>O sitio web facilita os usuarios deste o acceso a informaci\u00f3n e servizos prestados por <span>SERVICIOS LING\u00dc\u00cdSTICOS GAIA, S.L.U. <\/span>a aquelas persoas ou organizaci\u00f3ns interesadas nestes.<\/p>\n<p>O acceso e a utilizaci\u00f3n do sitio web atrib\u00fae a condici\u00f3n de usuario do Sitio Web (en diante, o \u201cUsuario\u201d) e implica a aceptaci\u00f3n de todas as condici\u00f3ns inclu\u00eddas neste Aviso Legal as\u00ed como das s\u00faas modificaci\u00f3ns. A prestaci\u00f3n do servizo do sitio web ten unha duraci\u00f3n limitada ao momento no que o Usuario se encontre conectado ao Sitio Web ou a alg\u00fan dos servizos que se facilitan a trav\u00e9s deste. Por tanto, o Usuario debe ler atentamente o presente Aviso Legal en cada unha das ocasi\u00f3ns en que se propo\u00f1a utilizar o Sitio Web, xa que este e as s\u00faas condici\u00f3ns de uso recollidas no presente Aviso Legal poden sufrir modificaci\u00f3ns.<\/p>\n<h2>3.- ACCESO E UTILIZACI\u00d3N DA WEB.<\/h2>\n<p>3.1.- Car\u00e1cter gratu\u00edto do acceso e utilizaci\u00f3n da web. O acceso \u00e1 web ten car\u00e1cter gratu\u00edto para os usuarios desta, ag\u00e1s no relativo ao custo da conexi\u00f3n a trav\u00e9s da rede de telecomunicaci\u00f3ns subministrada polo provedor de acceso contratado polos usuarios.<br \/>3.2.- Rexistro de usuarios. Con car\u00e1cter xeral, o acceso e utilizaci\u00f3n da web non esixe a previa subscrici\u00f3n ou rexistro dos seus usuarios.<br \/>3.3.- Os usuarios garanten e responden, en calquera caso, da exactitude, vixencia e autenticidade dos datos persoais facilitados, e comprom\u00e9tense a mantelos debidamente actualizados. O usuario acepta proporcionar informaci\u00f3n completa e correcta no formulario de contacto ou subscrici\u00f3n.<\/p>\n<p>En ning\u00fan caso se recabar\u00e1n do menor de idade datos relativos \u00e1 situaci\u00f3n profesional, econ\u00f3mica ou \u00e1 intimidade dos outros membros da familia, sen o consentimento destes. Se es menor de trece anos e accediches a este sitio web sen avisar aos teus pais non debes rexistrarte como usuario.<\/p>\n<p>Nesta web resp\u00e9ctanse e c\u00f3idanse os datos persoais dos usuarios. Como usuario debes saber que os teus dereitos est\u00e1n garantidos.<\/p>\n<h2>4.- CONTIDOS DA WEB.<\/h2>\n<p>O idioma utilizado polo titular na web ser\u00e1 o castel\u00e1n. <span>SERVICIOS LING\u00dc\u00cdSTICOS GAIA, S.L.U. <\/span>non se responsabiliza da non comprensi\u00f3n ou entendemento do idioma da web polo usuario, nin das s\u00faas consecuencias.<br \/><span>SERVICIOS LING\u00dc\u00cdSTICOS GAIA, S.L.U. <\/span>poder\u00e1 modificar os contidos sen previo aviso, as\u00ed como suprimir e cambiar estes dentro da web, como a forma en que se accede a estes, sen xustificaci\u00f3n ningunha e libremente, non responsabiliz\u00e1ndose das consecuencias que estes poidan ocasionar aos usuarios.<br \/>Proh\u00edbese o uso dos contidos da web para promocionar, contratar ou divulgar publicidade ou informaci\u00f3n propia ou de terceiras persoas sen a autorizaci\u00f3n de <span>SERVICIOS LING\u00dc\u00cdSTICOS GAIA, S.L.U. <\/span>, nin remitir publicidade ou informaci\u00f3n val\u00e9ndose para iso dos servizos ou informaci\u00f3n que se po\u00f1en a disposici\u00f3n dos usuarios, independentemente de se a utilizaci\u00f3n \u00e9 gratu\u00edta ou non.<br \/>As ligaz\u00f3ns ou hiperligaz\u00f3ns que incorporen terceiros nas s\u00faas p\u00e1xinas web, dirixidos a esta web, ser\u00e1n para a apertura da p\u00e1xina web completa, non podendo manifestar, directa ou indirectamente, indicaci\u00f3ns falsas, inexactas ou confusas, nin incorrer en acci\u00f3ns desleais ou il\u00edcitas en contra de <span>SERVICIOS LING\u00dc\u00cdSTICOS GAIA, S.L.U. <\/span><\/p>\n<h2>5.- MEDIDAS DE SEGURIDADE.<\/h2>\n<p>Os datos persoais comunicados polo usuario poder\u00e1n almacenarse en bases de datos automatizadas o non, cuxa titularidade corresponde en exclusiva a <span>SERVICIOS LING\u00dc\u00cdSTICOS GAIA, S.L.U. <\/span>, asumindo todas as medidas de \u00edndole t\u00e9cnica, organizativa e de seguridade que garantan a confidencialidade, integridade e calidade da informaci\u00f3n contida nestas de acordo co establecido nas normativas vixentes en materia de protecci\u00f3n de datos de car\u00e1cter persoal.<\/p>\n<h2>6.- LIMITACI\u00d3N DE RESPONSABILIDADE.<\/h2>\n<p>Tanto o acceso \u00e1 web como o uso non consentido que poida efectuarse da informaci\u00f3n contida nesta \u00e9 da exclusiva responsabilidade de quen o realiza. <span>SERVICIOS LING\u00dc\u00cdSTICOS GAIA, S.L.U. <\/span>non responder\u00e1 de ningunha consecuencia, dano ou prexu\u00edzo que puidesen derivarse deste acceso ou uso. <span>SERVICIOS LING\u00dc\u00cdSTICOS GAIA, S.L.U. <\/span>non se fai responsable dos erros de seguridade que se poidan producir nin dos danos que poidan causarse ao sistema inform\u00e1tico do usuario (soporte f\u00edsico e l\u00f3xico), ou aos ficheiros ou documentos almacenados neste, como consecuencia de:<br \/>\u2013 a presenza dun virus no ordenador do usuario que sexa utilizado para a conexi\u00f3n aos servizos e contidos da web,<br \/>\u2013 un mal funcionamento do navegador,<br \/>\u2013 ou do uso de versi\u00f3ns non actualizadas deste.<br \/><span>SERVICIOS LING\u00dc\u00cdSTICOS GAIA, S.L.U. <\/span>non se fai responsable da fiabilidade e rapidez das hiperligaz\u00f3ns que se incorporen na web para a apertura doutras. <span>SERVICIOS LING\u00dc\u00cdSTICOS GAIA, S.L.U. <\/span>non garante a utilidade destas ligaz\u00f3ns, nin se responsabiliza dos contidos ou servizos aos que poida acceder o usuario por medio destas ligaz\u00f3ns, nin do bo funcionamento destas webs.<br \/><span>SERVICIOS LING\u00dc\u00cdSTICOS GAIA, S.L.U. <\/span>non ser\u00e1 responsable dos virus ou demais programas inform\u00e1ticos que deterioren ou poidan deteriorar os sistemas ou equipos inform\u00e1ticos dos usuarios ao acceder \u00e1 s\u00faa web ou outras webs \u00e1s que se accedese mediante ligaz\u00f3ns desta web.<\/p>\n<h2>7.- EMPREGO DA TECNOLOX\u00cdA &#8220;COOKIE&#8221;.<\/h2>\n<p>O Sitio Web pode empregar cookies ou tecnolox\u00edas similares que se rexer\u00e1n polo establecido na Pol\u00edtica de Cookies, accesible en todo momento e respectando a confidencialidade e intimidade do usuario, sendo parte integrante do presente Aviso Legal.<\/p>\n<h2>8.- NAVEGACI\u00d3N.<\/h2>\n<p>Os servidores de Internet poden recoller datos non identificables, que poidan inclu\u00edr enderezos IP e outros datos que non poden utilizarse para identificar o usuario. O seu enderezo IP almacenarase nos logs de acceso de forma autom\u00e1tica e coa \u00fanica finalidade de permitir o tr\u00e1nsito por Internet, sendo necesario que o seu equipo facilite este enderezo IP cando navega por Internet para que as comunicaci\u00f3ns poidan realizarse. As\u00ed mesmo, o enderezo IP poder\u00e1 utilizarse para realizar estat\u00edsticas, de maneira anonimizada, sobre o n\u00famero de visitantes desta web e a s\u00faa procedencia, de forma totalmente transparente \u00e1 s\u00faa navegaci\u00f3n.<\/p>\n<h2>9.- PROPIEDADE INTELECTUAL E INDUSTRIAL<\/h2>\n<p>O usuario co\u00f1ece e acepta que todos os contidos ou calquera outro elemento do sitio web son propiedade de <span>SERVICIOS LING\u00dc\u00cdSTICOS GAIA, S.L.U. <\/span>, e comprom\u00e9tese a respectar os dereitos de propiedade intelectual e industrial titularidade de <span>SERVICIOS LING\u00dc\u00cdSTICOS GAIA, S.L.U. <\/span>. Calquera uso da web ou os seus contidos deber\u00e1 ter un car\u00e1cter exclusivamente particular.<br \/>Est\u00e1 reservado exclusivamente a <span>SERVICIOS LING\u00dc\u00cdSTICOS GAIA, S.L.U. <\/span> calquera outro uso que supo\u00f1a a copia, reproduci\u00f3n, distribuci\u00f3n, transformaci\u00f3n, comunicaci\u00f3n p\u00fablica ou calquera outra acci\u00f3n similar, de todo ou parte dos contidos da web, polo que ning\u00fan usuario poder\u00e1 levar a cabo estas acci\u00f3ns sen a autorizaci\u00f3n previa e por escrito de <span>SERVICIOS LING\u00dc\u00cdSTICOS GAIA, S.L.U. <\/span><\/p>\n<h2>10.- LEXISLACI\u00d3N APLICABLE E XURISDICI\u00d3N COMPETENTE<\/h2>\n<p>O presente Aviso Legal interpretarase e rexerase de conformidade coa lexislaci\u00f3n espa\u00f1ola. <span>SERVICIOS LING\u00dc\u00cdSTICOS GAIA, S.L.U. <\/span>e os usuarios, con renuncia expresa a calquera outro foro que puidese corresponderlles, som\u00e9tense ao dos xulgados e tribunais do domicilio do usuario para calquera controversia que puidese derivarse do acceso ou uso da web. No caso de que o usuario te\u00f1a o seu domicilio f\u00f3ra de Espa\u00f1a, <span>SERVICIOS LING\u00dc\u00cdSTICOS GAIA, S.L.U. <\/span>e o usuario, som\u00e9tense, con renuncia expresa a calquera outro foro, aos xulgados e tribunais do domicilio de <span>SERVICIOS LING\u00dc\u00cdSTICOS GAIA, S.L.U. <\/span><\/p>\n<\/div>\n<p>[\/et_pb_text][\/et_pb_column][\/et_pb_row][\/et_pb_section]<\/p>\n","protected":false},"excerpt":{"rendered":"<p>No presente Aviso Legal, o Usuario poder\u00e1 atopar toda a informaci\u00f3n relativa \u00e1s condici\u00f3ns legais que definen as relaci\u00f3ns entre os usuarios e o responsable da p\u00e1xina web accesible no enderezo URL https:\/\/agptraducciones.com (en diante, o sitio web), que SERVICIOS LING\u00dc\u00cdSTICOS GAIA, S.L.U. pon \u00e1 disposici\u00f3n dos usuarios de Internet.A utilizaci\u00f3n do sitio web implica [&hellip;]<\/p>\n","protected":false},"author":1,"featured_media":0,"parent":0,"menu_order":0,"comment_status":"closed","ping_status":"closed","template":"","meta":{"_et_pb_use_builder":"on","_et_pb_old_content":"","_et_gb_content_width":"","footnotes":""},"class_list":["post-1426","page","type-page","status-publish","hentry"],"yoast_head":"<!-- This site is optimized with the Yoast SEO plugin v25.2 - https:\/\/yoast.com\/wordpress\/plugins\/seo\/ -->\n<title>Aviso legal &#8226; agp Traducciones<\/title>\n<meta name=\"robots\" content=\"index, follow, max-snippet:-1, max-image-preview:large, max-video-preview:-1\" \/>\n<link rel=\"canonical\" href=\"https:\/\/www.agptraducciones.com\/gl\/aviso-legal\/\" \/>\n<meta property=\"og:locale\" content=\"gl_ES\" \/>\n<meta property=\"og:type\" content=\"article\" \/>\n<meta property=\"og:title\" content=\"Aviso legal &#8226; agp Traducciones\" \/>\n<meta property=\"og:description\" content=\"No presente Aviso Legal, o Usuario poder\u00e1 atopar toda a informaci\u00f3n relativa \u00e1s condici\u00f3ns legais que definen as relaci\u00f3ns entre os usuarios e o responsable da p\u00e1xina web accesible no enderezo URL https:\/\/agptraducciones.com (en diante, o sitio web), que SERVICIOS LING\u00dc\u00cdSTICOS GAIA, S.L.U. pon \u00e1 disposici\u00f3n dos usuarios de Internet.A utilizaci\u00f3n do sitio web implica [&hellip;]\" \/>\n<meta property=\"og:url\" content=\"https:\/\/www.agptraducciones.com\/gl\/aviso-legal\/\" \/>\n<meta property=\"og:site_name\" content=\"agp Traducciones\" \/>\n<meta property=\"article:modified_time\" content=\"2022-07-26T10:06:24+00:00\" \/>\n<meta name=\"twitter:card\" content=\"summary_large_image\" \/>\n<meta name=\"twitter:label1\" content=\"Tempo de lectura\" \/>\n\t<meta name=\"twitter:data1\" content=\"9 minutos\" \/>\n<script type=\"application\/ld+json\" class=\"yoast-schema-graph\">{\"@context\":\"https:\/\/schema.org\",\"@graph\":[{\"@type\":\"WebPage\",\"@id\":\"https:\/\/www.agptraducciones.com\/gl\/aviso-legal\/\",\"url\":\"https:\/\/www.agptraducciones.com\/gl\/aviso-legal\/\",\"name\":\"Aviso legal &#8226; agp Traducciones\",\"isPartOf\":{\"@id\":\"https:\/\/www.agptraducciones.com\/gl\/#website\"},\"datePublished\":\"2020-02-17T09:27:38+00:00\",\"dateModified\":\"2022-07-26T10:06:24+00:00\",\"breadcrumb\":{\"@id\":\"https:\/\/www.agptraducciones.com\/gl\/aviso-legal\/#breadcrumb\"},\"inLanguage\":\"gl-ES\",\"potentialAction\":[{\"@type\":\"ReadAction\",\"target\":[\"https:\/\/www.agptraducciones.com\/gl\/aviso-legal\/\"]}]},{\"@type\":\"BreadcrumbList\",\"@id\":\"https:\/\/www.agptraducciones.com\/gl\/aviso-legal\/#breadcrumb\",\"itemListElement\":[{\"@type\":\"ListItem\",\"position\":1,\"name\":\"Inicio\",\"item\":\"https:\/\/www.agptraducciones.com\/gl\/\"},{\"@type\":\"ListItem\",\"position\":2,\"name\":\"Aviso legal\"}]},{\"@type\":\"WebSite\",\"@id\":\"https:\/\/www.agptraducciones.com\/gl\/#website\",\"url\":\"https:\/\/www.agptraducciones.com\/gl\/\",\"name\":\"agp Traducciones\",\"description\":\"Empresa de traducci\u00f3n profesional \ud83d\udcac\",\"publisher\":{\"@id\":\"https:\/\/www.agptraducciones.com\/gl\/#organization\"},\"potentialAction\":[{\"@type\":\"SearchAction\",\"target\":{\"@type\":\"EntryPoint\",\"urlTemplate\":\"https:\/\/www.agptraducciones.com\/gl\/?s={search_term_string}\"},\"query-input\":{\"@type\":\"PropertyValueSpecification\",\"valueRequired\":true,\"valueName\":\"search_term_string\"}}],\"inLanguage\":\"gl-ES\"},{\"@type\":\"Organization\",\"@id\":\"https:\/\/www.agptraducciones.com\/gl\/#organization\",\"name\":\"agp Traducciones\",\"url\":\"https:\/\/www.agptraducciones.com\/gl\/\",\"logo\":{\"@type\":\"ImageObject\",\"inLanguage\":\"gl-ES\",\"@id\":\"https:\/\/www.agptraducciones.com\/gl\/#\/schema\/logo\/image\/\",\"url\":\"https:\/\/www.agptraducciones.com\/wp-content\/uploads\/2022\/03\/logo-color-agp-traducciones-01.png\",\"contentUrl\":\"https:\/\/www.agptraducciones.com\/wp-content\/uploads\/2022\/03\/logo-color-agp-traducciones-01.png\",\"width\":480,\"height\":270,\"caption\":\"agp Traducciones\"},\"image\":{\"@id\":\"https:\/\/www.agptraducciones.com\/gl\/#\/schema\/logo\/image\/\"}}]}<\/script>\n<!-- \/ Yoast SEO plugin. -->","yoast_head_json":{"title":"Aviso legal &#8226; agp Traducciones","robots":{"index":"index","follow":"follow","max-snippet":"max-snippet:-1","max-image-preview":"max-image-preview:large","max-video-preview":"max-video-preview:-1"},"canonical":"https:\/\/www.agptraducciones.com\/gl\/aviso-legal\/","og_locale":"gl_ES","og_type":"article","og_title":"Aviso legal &#8226; agp Traducciones","og_description":"No presente Aviso Legal, o Usuario poder\u00e1 atopar toda a informaci\u00f3n relativa \u00e1s condici\u00f3ns legais que definen as relaci\u00f3ns entre os usuarios e o responsable da p\u00e1xina web accesible no enderezo URL https:\/\/agptraducciones.com (en diante, o sitio web), que SERVICIOS LING\u00dc\u00cdSTICOS GAIA, S.L.U. pon \u00e1 disposici\u00f3n dos usuarios de Internet.A utilizaci\u00f3n do sitio web implica [&hellip;]","og_url":"https:\/\/www.agptraducciones.com\/gl\/aviso-legal\/","og_site_name":"agp Traducciones","article_modified_time":"2022-07-26T10:06:24+00:00","twitter_card":"summary_large_image","twitter_misc":{"Tempo de lectura":"9 minutos"},"schema":{"@context":"https:\/\/schema.org","@graph":[{"@type":"WebPage","@id":"https:\/\/www.agptraducciones.com\/gl\/aviso-legal\/","url":"https:\/\/www.agptraducciones.com\/gl\/aviso-legal\/","name":"Aviso legal &#8226; agp Traducciones","isPartOf":{"@id":"https:\/\/www.agptraducciones.com\/gl\/#website"},"datePublished":"2020-02-17T09:27:38+00:00","dateModified":"2022-07-26T10:06:24+00:00","breadcrumb":{"@id":"https:\/\/www.agptraducciones.com\/gl\/aviso-legal\/#breadcrumb"},"inLanguage":"gl-ES","potentialAction":[{"@type":"ReadAction","target":["https:\/\/www.agptraducciones.com\/gl\/aviso-legal\/"]}]},{"@type":"BreadcrumbList","@id":"https:\/\/www.agptraducciones.com\/gl\/aviso-legal\/#breadcrumb","itemListElement":[{"@type":"ListItem","position":1,"name":"Inicio","item":"https:\/\/www.agptraducciones.com\/gl\/"},{"@type":"ListItem","position":2,"name":"Aviso legal"}]},{"@type":"WebSite","@id":"https:\/\/www.agptraducciones.com\/gl\/#website","url":"https:\/\/www.agptraducciones.com\/gl\/","name":"agp Traducciones","description":"Empresa de traducci\u00f3n profesional \ud83d\udcac","publisher":{"@id":"https:\/\/www.agptraducciones.com\/gl\/#organization"},"potentialAction":[{"@type":"SearchAction","target":{"@type":"EntryPoint","urlTemplate":"https:\/\/www.agptraducciones.com\/gl\/?s={search_term_string}"},"query-input":{"@type":"PropertyValueSpecification","valueRequired":true,"valueName":"search_term_string"}}],"inLanguage":"gl-ES"},{"@type":"Organization","@id":"https:\/\/www.agptraducciones.com\/gl\/#organization","name":"agp Traducciones","url":"https:\/\/www.agptraducciones.com\/gl\/","logo":{"@type":"ImageObject","inLanguage":"gl-ES","@id":"https:\/\/www.agptraducciones.com\/gl\/#\/schema\/logo\/image\/","url":"https:\/\/www.agptraducciones.com\/wp-content\/uploads\/2022\/03\/logo-color-agp-traducciones-01.png","contentUrl":"https:\/\/www.agptraducciones.com\/wp-content\/uploads\/2022\/03\/logo-color-agp-traducciones-01.png","width":480,"height":270,"caption":"agp Traducciones"},"image":{"@id":"https:\/\/www.agptraducciones.com\/gl\/#\/schema\/logo\/image\/"}}]}},"_links":{"self":[{"href":"https:\/\/www.agptraducciones.com\/gl\/wp-json\/wp\/v2\/pages\/1426","targetHints":{"allow":["GET"]}}],"collection":[{"href":"https:\/\/www.agptraducciones.com\/gl\/wp-json\/wp\/v2\/pages"}],"about":[{"href":"https:\/\/www.agptraducciones.com\/gl\/wp-json\/wp\/v2\/types\/page"}],"author":[{"embeddable":true,"href":"https:\/\/www.agptraducciones.com\/gl\/wp-json\/wp\/v2\/users\/1"}],"replies":[{"embeddable":true,"href":"https:\/\/www.agptraducciones.com\/gl\/wp-json\/wp\/v2\/comments?post=1426"}],"version-history":[{"count":3,"href":"https:\/\/www.agptraducciones.com\/gl\/wp-json\/wp\/v2\/pages\/1426\/revisions"}],"predecessor-version":[{"id":2697,"href":"https:\/\/www.agptraducciones.com\/gl\/wp-json\/wp\/v2\/pages\/1426\/revisions\/2697"}],"wp:attachment":[{"href":"https:\/\/www.agptraducciones.com\/gl\/wp-json\/wp\/v2\/media?parent=1426"}],"curies":[{"name":"wp","href":"https:\/\/api.w.org\/{rel}","templated":true}]}}