{"id":1475,"date":"2020-02-17T09:27:38","date_gmt":"2020-02-17T09:27:38","guid":{"rendered":"https:\/\/agptraducciones.com.46-231-5-178.46-231-5-178.visualpublinet.com\/politica-de-privacidad\/"},"modified":"2022-07-26T10:06:25","modified_gmt":"2022-07-26T10:06:25","slug":"politica-de-privacidade","status":"publish","type":"page","link":"https:\/\/www.agptraducciones.com\/gl\/politica-de-privacidade\/","title":{"rendered":"Pol\u00edtica de Privacidade"},"content":{"rendered":"<p>[et_pb_section fb_built=&#8221;1&#8243; custom_padding_last_edited=&#8221;on|phone&#8221; _builder_version=&#8221;4.15.1&#8243; _module_preset=&#8221;default&#8221; use_background_color_gradient=&#8221;on&#8221; background_color_gradient_start=&#8221;#f78b1f&#8221; background_color_gradient_end=&#8221;#f26527&#8243; background_color_gradient_direction=&#8221;48deg&#8221; custom_padding=&#8221;280px||||false|false&#8221; custom_padding_tablet=&#8221;180px||||false|false&#8221; custom_padding_phone=&#8221;150px||||false|false&#8221; border_radii=&#8221;off|||80px|80px&#8221; locked=&#8221;off&#8221; global_colors_info=&#8221;{}&#8221; global_module=&#8221;404&#8243; theme_builder_area=&#8221;post_content&#8221;][et_pb_row _builder_version=&#8221;4.15.1&#8243; _module_preset=&#8221;default&#8221; custom_margin=&#8221;0px||0px||false|false&#8221; custom_padding=&#8221;0px||0px||false|false&#8221; global_colors_info=&#8221;{}&#8221; theme_builder_area=&#8221;post_content&#8221;][et_pb_column type=&#8221;4_4&#8243; _builder_version=&#8221;4.15.1&#8243; _module_preset=&#8221;default&#8221; global_colors_info=&#8221;{}&#8221; theme_builder_area=&#8221;post_content&#8221;][et_pb_post_title meta=&#8221;off&#8221; featured_image=&#8221;off&#8221; text_color=&#8221;light&#8221; _builder_version=&#8221;4.15.1&#8243; _module_preset=&#8221;default&#8221; title_text_color=&#8221;#FFFFFF&#8221; text_orientation=&#8221;center&#8221; global_colors_info=&#8221;{}&#8221; theme_builder_area=&#8221;post_content&#8221;][\/et_pb_post_title][\/et_pb_column][\/et_pb_row][\/et_pb_section][et_pb_section fb_built=&#8221;1&#8243; admin_label=&#8221;section&#8221; _builder_version=&#8221;4.15&#8243; global_colors_info=&#8221;{}&#8221;][et_pb_row admin_label=&#8221;row&#8221; _builder_version=&#8221;4.15&#8243; background_size=&#8221;initial&#8221; background_position=&#8221;top_left&#8221; background_repeat=&#8221;repeat&#8221; global_colors_info=&#8221;{}&#8221;][et_pb_column type=&#8221;4_4&#8243; _builder_version=&#8221;4.15&#8243; custom_padding=&#8221;|||&#8221; global_colors_info=&#8221;{}&#8221; custom_padding__hover=&#8221;|||&#8221;][et_pb_text admin_label=&#8221;Text&#8221; _builder_version=&#8221;4.15.1&#8243; background_size=&#8221;initial&#8221; background_position=&#8221;top_left&#8221; background_repeat=&#8221;repeat&#8221; global_colors_info=&#8221;{}&#8221;]<\/p>\n<div id=\"clickdatos\">\n<h2>POL\u00cdTICA DE PRIVACIDADE E PROTECCI\u00d3N DE DATOS<\/h2>\n<p>En cumprimento do Regulamento (UE) 2016\/679 do Parlamento Europeo e do Consello, do 27 de abril de 2016, relativo \u00e1 protecci\u00f3n das persoas f\u00edsicas no que respecta ao tratamento de datos persoais, polo que se derroga a Directiva 95\/46\/CE (en diante, RXPD), da Lei 34\/2002, do 11 de xullo, de servizos da sociedade da informaci\u00f3n e comercio electr\u00f3nico (en diante, LSSI-CE) e da Lei org\u00e1nica 3\/2018, de protecci\u00f3n de datos persoais e garant\u00eda dos dereitos dixitais (en diante, LOPDGDD), <span>SERVICIOS LING\u00dc\u00cdSTICOS GAIA, S.L.U. <\/span>garante a protecci\u00f3n e confidencialidade dos datos persoais, de calquera tipo que nos proporcionen os nosos clientes, de acordo co disposto no Regulamento xeral de protecci\u00f3n de datos de car\u00e1cter persoal.<\/p>\n<p>Os datos facilitados ser\u00e1n tratados nos termos establecidos no RXPD, nese sentido <span>SERVICIOS LING\u00dc\u00cdSTICOS GAIA, S.L.U. <\/span>adoptou os niveis de protecci\u00f3n que legalmente se esixen, e instalou todas as medidas t\u00e9cnicas ao seu alcance para evitar a perda, mal uso, alteraci\u00f3n, acceso non autorizado por terceiros, expostos a continuaci\u00f3n. Non obstante, o usuario debe ser consciente de que as medidas de seguridade en Internet non son inexpugnables.<\/p>\n<p><strong>Responsable do tratamento<\/strong><\/p>\n<p>Nome do titular: <span>SERVICIOS LING\u00dc\u00cdSTICOS GAIA, S.L.U.<\/span><br \/>Domicilio social: <span>&nbsp;Avenida Gran V\u00eda, n.\u00ba 5 \u2013 1\u00ba B, 36204 Vigo (Pontevedra)<\/span><br \/>C.I.F.: <span>B36926830<\/span><br \/>Tel\u00e9fono de contacto: <span>986 484 061<\/span><br \/>Correo electr\u00f3nico: <a href=\"mailto:admin@agptraducciones.com\" data-aalisten=\"1\">admin@agptraducciones.com<\/a><\/p>\n<p><strong>Finalidade do tratamento<\/strong><br \/>Todos os datos facilitados polos nosos clientes ou visitantes na web de <span>SERVICIOS LING\u00dc\u00cdSTICOS GAIA, S.L.U. <\/span>ou ao seu persoal, ser\u00e1n inclu\u00eddos en rexistro de actividades de tratamento de datos de car\u00e1cter persoal, creado e mantido baixo a responsabilidade de <span>SERVICIOS LING\u00dc\u00cdSTICOS GAIA, S.L.U. <\/span>, imprescindibles para prestar os servizos solicitados polos usuarios, ou para resolver as d\u00fabidas ou cuesti\u00f3ns formuladas polos nosos visitantes. A nosa pol\u00edtica \u00e9 non elaborar perf\u00eds sobre os usuarios dos nosos servizos.<\/p>\n<p><strong>Lexitimidade do tratamento<\/strong><\/p>\n<ol type=\"a\">\n<li>Relaci\u00f3n contractual: \u00c9 a que aplica cando compra un dos nosos produtos ou contrata alg\u00fan dos nosos servizos.<\/li>\n<li>Interese lex\u00edtimo: Para atender as consultas e reclamaci\u00f3ns que nos formule e para xestionar o cobramento das cantidades cargadas.<\/li>\n<li>O seu consentimento: Se \u00e9 usuario da nosa web, mediante a marcaci\u00f3n da casa que figura no formulario de contacto autor\u00edzanos a que lle remitamos as comunicaci\u00f3ns necesarias para dar resposta \u00e1 consulta ou solicitude de informaci\u00f3n presentada.<\/li>\n<\/ol>\n<p><strong>Destinatarios<\/strong><br \/>Non cedemos os seus datos persoais a ningu\u00e9n, ag\u00e1s aquelas entidades p\u00fablicas ou privadas \u00e1s que esteamos obrigados a facilitar os seus datos persoais con motivo do cumprimento dalgunha lei. Por po\u00f1er un exemplo, a Lei tributaria obriga a facilitar \u00e1 Axencia Tributaria determinada informaci\u00f3n sobre operaci\u00f3ns econ\u00f3micas que superen unha determinada cantidade.<\/p>\n<p>No caso de que, \u00e1 marxe dos supostos comentados, necesitemos dar a co\u00f1ecer a s\u00faa informaci\u00f3n persoal a outras entidades, solicitar\u00e9moslle previamente o seu permiso a trav\u00e9s de opci\u00f3ns claras que lle permitir\u00e1n decidir a este respecto.<\/p>\n<p><strong>Comunicaci\u00f3n<\/strong><br \/>Non realizaremos transferencias internacionais dos seus datos persoais para ningunha das finalidades indicadas.<br \/>(<strong>NOTA INTERNA<\/strong>: O RESPONSABLE DEBER\u00c1 CAMBIAR ESTE PAR\u00c1GRAFO SE REALMENTE SE PRODUCEN TRANSFERENCIAS INTERNACIONAIS. RECOMEND\u00c1MOSCHE SOLICITAR ASESORAMENTO SE NON SABES COMO REFLECTILO CORRECTAMENTE PARA CUMPRIR COA NORMATIVA)<\/p>\n<p><strong>Conservaci\u00f3n<\/strong><br \/>S\u00f3 conservaremos os seus datos persoais durante o tempo que resulte necesario para lograr os fins para os que foron recollidos. \u00c1 hora de determinar o oportuno per\u00edodo de conservaci\u00f3n, examinamos os riscos que sup\u00f3n o tratamento, as\u00ed como as nosas obrigas contractuais, legais e normativas, as pol\u00edticas internas de conservaci\u00f3n de datos e os nosos intereses de negocio lex\u00edtimos descritos no presente Aviso de Privacidade e Pol\u00edtica de Cookies.<\/p>\n<p>Neste sentido, <span>SERVICIOS LING\u00dc\u00cdSTICOS GAIA, S.L.U. <\/span>conservar\u00e1 os datos persoais unha vez rematada a s\u00faa relaci\u00f3n con Vde., debidamente bloqueados, durante o prazo de prescrici\u00f3n das acci\u00f3ns que puidesen derivarse da relaci\u00f3n mantida co interesado.<\/p>\n<p>Unha vez bloqueados, os seus datos resultar\u00e1n inaccesibles para <span>SERVICIOS LING\u00dc\u00cdSTICOS GAIA, S.L.U. <\/span>, e non ser\u00e1n tratados ag\u00e1s para a s\u00faa posta a disposici\u00f3n \u00e1s Administraci\u00f3ns p\u00fablicas, Xu\u00edces e Tribunais, para a atenci\u00f3n das posibles responsabilidades nacidas dos tratamentos, as\u00ed como para o exercicio e defensa de reclamaci\u00f3ns ante a Axencia Espa\u00f1ola de Protecci\u00f3n de Datos.<\/p>\n<p><strong>Seguridade<\/strong><br \/>Empregamos todos os esforzos razoables para manter a confidencialidade da informaci\u00f3n persoal que se trate nos nosos sistemas. Mantemos estritos niveis de seguridade para protexer os datos de car\u00e1cter persoal que procesamos fronte a perdas fortu\u00edtas e a accesos, tratamentos ou revelaci\u00f3ns non autorizados, tendo en conta o da tecnolox\u00eda, a natureza e os riscos aos que est\u00e1n expostos os datos. Non obstante, non podemos responsabilizarnos do uso que Vde. faga dos datos (inclu\u00eddo usuario e contrasinal) que utilice na nosa web. O noso persoal segue estritas normas de privacidade e no caso de que contratemos terceiros para prestar servizos de soporte, esix\u00edmoslles que acaten as mesmas normas e nos permitan auditalos para verificar o seu cumprimento.<\/p>\n<p><strong>Os seus dereitos<\/strong><br \/>Inform\u00e1molo de que poder\u00e1 exercer os seguintes dereitos:<\/p>\n<ol type=\"a\">\n<li>Dereito de acceso aos seus datos persoais, para saber cales est\u00e1n sendo obxecto de tratamento e as operaci\u00f3ns de tratamento levadas a cabo con eles.<\/li>\n<li>Dereito de rectificaci\u00f3n de calquera dato persoal inexacto.<\/li>\n<li>Dereito de supresi\u00f3n dos seus datos persoais, cando isto sexa posible (por exemplo, por imperativo legal).<\/li>\n<li>Dereito de limitaci\u00f3n do tratamento dos seus datos persoais cando a exactitude, a legalidade ou a necesidade do tratamento dos datos resulte dubidosa, en cuxo caso poderemos conservalos para o exercicio ou a defensa de reclamaci\u00f3ns.<\/li>\n<li>Dereito de oposici\u00f3n ao tratamento dos seus datos persoais, cando a base legal que nos habilite para o seu tratamento das indicadas sexa o noso interese lex\u00edtimo. <span>SERVICIOS LING\u00dc\u00cdSTICOS GAIA, S.L.U. <\/span> deixar\u00e1 de tratar os teus datos ag\u00e1s que te\u00f1a un interese lex\u00edtimo ou sexa necesario para a defensa de reclamaci\u00f3ns.<\/li>\n<li>Dereito \u00e1 portabilidade dos seus datos, cando a base legal que nos habilite para o seu tratamento sexa a existencia dunha relaci\u00f3n contractual ou o seu consentimento.<\/li>\n<li>Dereito a revogar o consentimento outorgado a <span>SERVICIOS LING\u00dc\u00cdSTICOS GAIA, S.L.U. <\/span><\/li>\n<\/ol>\n<p>Para exercitar os seus dereitos pode facelo de xeito gratu\u00edto e en calquera momento po\u00f1\u00e9ndose en contacto connosco no enderezo <span>SERVICIOS LING\u00dc\u00cdSTICOS GAIA, S.L.U. <\/span>, achegando copia do seu DNI.<br \/><strong>Tutela de dereitos<\/strong><br \/>En caso de que entenda que os seus dereitos foron desatendidos pola nosa entidade, pode formular unha reclamaci\u00f3n na Axencia Espa\u00f1ola de Protecci\u00f3n de Datos, a trav\u00e9s dalg\u00fan dos medios seguintes:<\/p>\n<ul>\n<li>Sede electr\u00f3nica: <a href=\"https:\/\/www.aepd.es\">https:\/\/www.aepd.es<\/a><\/li>\n<li>Correo postal: Agencia Espa\u00f1ola de Protecci\u00f3n de Datos, C\/ Jorge Juan, 6, 28001, Madrid<\/li>\n<li>Tel\u00e9fono: 901.100.099 e 912.663.517<\/li>\n<\/ul>\n<p>Formular unha reclamaci\u00f3n na Axencia Espa\u00f1ola de Protecci\u00f3n de Datos non sup\u00f3n ning\u00fan custo e non \u00e9 necesaria a asistencia de avogado nin procurador.<\/p>\n<p><strong>Actualizaci\u00f3ns<\/strong><br \/><span>SERVICIOS LING\u00dc\u00cdSTICOS GAIA, S.L.U. <\/span>res\u00e9rvase o dereito a modificar a presente pol\u00edtica para adaptala a novidades lexislativas ou xurisprudenciais que poidan afectar o seu cumprimento.<\/p>\n<\/div>\n<p>[\/et_pb_text][\/et_pb_column][\/et_pb_row][\/et_pb_section]<\/p>\n","protected":false},"excerpt":{"rendered":"<p>POL\u00cdTICA DE PRIVACIDADE E PROTECCI\u00d3N DE DATOS En cumprimento do Regulamento (UE) 2016\/679 do Parlamento Europeo e do Consello, do 27 de abril de 2016, relativo \u00e1 protecci\u00f3n das persoas f\u00edsicas no que respecta ao tratamento de datos persoais, polo que se derroga a Directiva 95\/46\/CE (en diante, RXPD), da Lei 34\/2002, do 11 de [&hellip;]<\/p>\n","protected":false},"author":1,"featured_media":0,"parent":0,"menu_order":0,"comment_status":"closed","ping_status":"closed","template":"","meta":{"_et_pb_use_builder":"on","_et_pb_old_content":"","_et_gb_content_width":"","footnotes":""},"class_list":["post-1475","page","type-page","status-publish","hentry"],"yoast_head":"<!-- This site is optimized with the Yoast SEO plugin v25.2 - https:\/\/yoast.com\/wordpress\/plugins\/seo\/ -->\n<title>Pol\u00edtica de Privacidade &#8226; agp Traducciones<\/title>\n<meta name=\"robots\" content=\"index, follow, max-snippet:-1, max-image-preview:large, max-video-preview:-1\" \/>\n<link rel=\"canonical\" href=\"https:\/\/www.agptraducciones.com\/gl\/politica-de-privacidade\/\" \/>\n<meta property=\"og:locale\" content=\"gl_ES\" \/>\n<meta property=\"og:type\" content=\"article\" \/>\n<meta property=\"og:title\" content=\"Pol\u00edtica de Privacidade &#8226; agp Traducciones\" \/>\n<meta property=\"og:description\" content=\"POL\u00cdTICA DE PRIVACIDADE E PROTECCI\u00d3N DE DATOS En cumprimento do Regulamento (UE) 2016\/679 do Parlamento Europeo e do Consello, do 27 de abril de 2016, relativo \u00e1 protecci\u00f3n das persoas f\u00edsicas no que respecta ao tratamento de datos persoais, polo que se derroga a Directiva 95\/46\/CE (en diante, RXPD), da Lei 34\/2002, do 11 de [&hellip;]\" \/>\n<meta property=\"og:url\" content=\"https:\/\/www.agptraducciones.com\/gl\/politica-de-privacidade\/\" \/>\n<meta property=\"og:site_name\" content=\"agp Traducciones\" \/>\n<meta property=\"article:modified_time\" content=\"2022-07-26T10:06:25+00:00\" \/>\n<meta name=\"twitter:card\" content=\"summary_large_image\" \/>\n<meta name=\"twitter:label1\" content=\"Tempo de lectura\" \/>\n\t<meta name=\"twitter:data1\" content=\"7 minutos\" \/>\n<script type=\"application\/ld+json\" class=\"yoast-schema-graph\">{\"@context\":\"https:\/\/schema.org\",\"@graph\":[{\"@type\":\"WebPage\",\"@id\":\"https:\/\/www.agptraducciones.com\/gl\/politica-de-privacidade\/\",\"url\":\"https:\/\/www.agptraducciones.com\/gl\/politica-de-privacidade\/\",\"name\":\"Pol\u00edtica de Privacidade &#8226; agp Traducciones\",\"isPartOf\":{\"@id\":\"https:\/\/www.agptraducciones.com\/gl\/#website\"},\"datePublished\":\"2020-02-17T09:27:38+00:00\",\"dateModified\":\"2022-07-26T10:06:25+00:00\",\"breadcrumb\":{\"@id\":\"https:\/\/www.agptraducciones.com\/gl\/politica-de-privacidade\/#breadcrumb\"},\"inLanguage\":\"gl-ES\",\"potentialAction\":[{\"@type\":\"ReadAction\",\"target\":[\"https:\/\/www.agptraducciones.com\/gl\/politica-de-privacidade\/\"]}]},{\"@type\":\"BreadcrumbList\",\"@id\":\"https:\/\/www.agptraducciones.com\/gl\/politica-de-privacidade\/#breadcrumb\",\"itemListElement\":[{\"@type\":\"ListItem\",\"position\":1,\"name\":\"Inicio\",\"item\":\"https:\/\/www.agptraducciones.com\/gl\/\"},{\"@type\":\"ListItem\",\"position\":2,\"name\":\"Pol\u00edtica de Privacidade\"}]},{\"@type\":\"WebSite\",\"@id\":\"https:\/\/www.agptraducciones.com\/gl\/#website\",\"url\":\"https:\/\/www.agptraducciones.com\/gl\/\",\"name\":\"agp Traducciones\",\"description\":\"Empresa de traducci\u00f3n profesional \ud83d\udcac\",\"publisher\":{\"@id\":\"https:\/\/www.agptraducciones.com\/gl\/#organization\"},\"potentialAction\":[{\"@type\":\"SearchAction\",\"target\":{\"@type\":\"EntryPoint\",\"urlTemplate\":\"https:\/\/www.agptraducciones.com\/gl\/?s={search_term_string}\"},\"query-input\":{\"@type\":\"PropertyValueSpecification\",\"valueRequired\":true,\"valueName\":\"search_term_string\"}}],\"inLanguage\":\"gl-ES\"},{\"@type\":\"Organization\",\"@id\":\"https:\/\/www.agptraducciones.com\/gl\/#organization\",\"name\":\"agp Traducciones\",\"url\":\"https:\/\/www.agptraducciones.com\/gl\/\",\"logo\":{\"@type\":\"ImageObject\",\"inLanguage\":\"gl-ES\",\"@id\":\"https:\/\/www.agptraducciones.com\/gl\/#\/schema\/logo\/image\/\",\"url\":\"https:\/\/www.agptraducciones.com\/wp-content\/uploads\/2022\/03\/logo-color-agp-traducciones-01.png\",\"contentUrl\":\"https:\/\/www.agptraducciones.com\/wp-content\/uploads\/2022\/03\/logo-color-agp-traducciones-01.png\",\"width\":480,\"height\":270,\"caption\":\"agp Traducciones\"},\"image\":{\"@id\":\"https:\/\/www.agptraducciones.com\/gl\/#\/schema\/logo\/image\/\"}}]}<\/script>\n<!-- \/ Yoast SEO plugin. -->","yoast_head_json":{"title":"Pol\u00edtica de Privacidade &#8226; agp Traducciones","robots":{"index":"index","follow":"follow","max-snippet":"max-snippet:-1","max-image-preview":"max-image-preview:large","max-video-preview":"max-video-preview:-1"},"canonical":"https:\/\/www.agptraducciones.com\/gl\/politica-de-privacidade\/","og_locale":"gl_ES","og_type":"article","og_title":"Pol\u00edtica de Privacidade &#8226; agp Traducciones","og_description":"POL\u00cdTICA DE PRIVACIDADE E PROTECCI\u00d3N DE DATOS En cumprimento do Regulamento (UE) 2016\/679 do Parlamento Europeo e do Consello, do 27 de abril de 2016, relativo \u00e1 protecci\u00f3n das persoas f\u00edsicas no que respecta ao tratamento de datos persoais, polo que se derroga a Directiva 95\/46\/CE (en diante, RXPD), da Lei 34\/2002, do 11 de [&hellip;]","og_url":"https:\/\/www.agptraducciones.com\/gl\/politica-de-privacidade\/","og_site_name":"agp Traducciones","article_modified_time":"2022-07-26T10:06:25+00:00","twitter_card":"summary_large_image","twitter_misc":{"Tempo de lectura":"7 minutos"},"schema":{"@context":"https:\/\/schema.org","@graph":[{"@type":"WebPage","@id":"https:\/\/www.agptraducciones.com\/gl\/politica-de-privacidade\/","url":"https:\/\/www.agptraducciones.com\/gl\/politica-de-privacidade\/","name":"Pol\u00edtica de Privacidade &#8226; agp Traducciones","isPartOf":{"@id":"https:\/\/www.agptraducciones.com\/gl\/#website"},"datePublished":"2020-02-17T09:27:38+00:00","dateModified":"2022-07-26T10:06:25+00:00","breadcrumb":{"@id":"https:\/\/www.agptraducciones.com\/gl\/politica-de-privacidade\/#breadcrumb"},"inLanguage":"gl-ES","potentialAction":[{"@type":"ReadAction","target":["https:\/\/www.agptraducciones.com\/gl\/politica-de-privacidade\/"]}]},{"@type":"BreadcrumbList","@id":"https:\/\/www.agptraducciones.com\/gl\/politica-de-privacidade\/#breadcrumb","itemListElement":[{"@type":"ListItem","position":1,"name":"Inicio","item":"https:\/\/www.agptraducciones.com\/gl\/"},{"@type":"ListItem","position":2,"name":"Pol\u00edtica de Privacidade"}]},{"@type":"WebSite","@id":"https:\/\/www.agptraducciones.com\/gl\/#website","url":"https:\/\/www.agptraducciones.com\/gl\/","name":"agp Traducciones","description":"Empresa de traducci\u00f3n profesional \ud83d\udcac","publisher":{"@id":"https:\/\/www.agptraducciones.com\/gl\/#organization"},"potentialAction":[{"@type":"SearchAction","target":{"@type":"EntryPoint","urlTemplate":"https:\/\/www.agptraducciones.com\/gl\/?s={search_term_string}"},"query-input":{"@type":"PropertyValueSpecification","valueRequired":true,"valueName":"search_term_string"}}],"inLanguage":"gl-ES"},{"@type":"Organization","@id":"https:\/\/www.agptraducciones.com\/gl\/#organization","name":"agp Traducciones","url":"https:\/\/www.agptraducciones.com\/gl\/","logo":{"@type":"ImageObject","inLanguage":"gl-ES","@id":"https:\/\/www.agptraducciones.com\/gl\/#\/schema\/logo\/image\/","url":"https:\/\/www.agptraducciones.com\/wp-content\/uploads\/2022\/03\/logo-color-agp-traducciones-01.png","contentUrl":"https:\/\/www.agptraducciones.com\/wp-content\/uploads\/2022\/03\/logo-color-agp-traducciones-01.png","width":480,"height":270,"caption":"agp Traducciones"},"image":{"@id":"https:\/\/www.agptraducciones.com\/gl\/#\/schema\/logo\/image\/"}}]}},"_links":{"self":[{"href":"https:\/\/www.agptraducciones.com\/gl\/wp-json\/wp\/v2\/pages\/1475","targetHints":{"allow":["GET"]}}],"collection":[{"href":"https:\/\/www.agptraducciones.com\/gl\/wp-json\/wp\/v2\/pages"}],"about":[{"href":"https:\/\/www.agptraducciones.com\/gl\/wp-json\/wp\/v2\/types\/page"}],"author":[{"embeddable":true,"href":"https:\/\/www.agptraducciones.com\/gl\/wp-json\/wp\/v2\/users\/1"}],"replies":[{"embeddable":true,"href":"https:\/\/www.agptraducciones.com\/gl\/wp-json\/wp\/v2\/comments?post=1475"}],"version-history":[{"count":6,"href":"https:\/\/www.agptraducciones.com\/gl\/wp-json\/wp\/v2\/pages\/1475\/revisions"}],"predecessor-version":[{"id":2839,"href":"https:\/\/www.agptraducciones.com\/gl\/wp-json\/wp\/v2\/pages\/1475\/revisions\/2839"}],"wp:attachment":[{"href":"https:\/\/www.agptraducciones.com\/gl\/wp-json\/wp\/v2\/media?parent=1475"}],"curies":[{"name":"wp","href":"https:\/\/api.w.org\/{rel}","templated":true}]}}