{"id":2728,"date":"2022-04-28T08:49:41","date_gmt":"2022-04-28T06:49:41","guid":{"rendered":"https:\/\/agptraducciones.com.46-231-5-178.46-231-5-178.visualpublinet.com\/intranet\/"},"modified":"2022-09-22T09:15:56","modified_gmt":"2022-09-22T09:15:56","slug":"intranet","status":"publish","type":"page","link":"https:\/\/www.agptraducciones.com\/pt\/intranet\/","title":{"rendered":"Intranet"},"content":{"rendered":"<p>[et_pb_section fb_built=&#8221;1&#8243; custom_padding_last_edited=&#8221;on|desktop&#8221; admin_label=&#8221;CABECERA&#8221; module_class=&#8221;cabecera-principal&#8221; _builder_version=&#8221;4.15.1&#8243; _dynamic_attributes=&#8221;background_image&#8221; _module_preset=&#8221;default&#8221; use_background_color_gradient=&#8221;on&#8221; background_color_gradient_start=&#8221;rgba(247,139,31,0.7)&#8221; background_color_gradient_end=&#8221;rgba(242,101,39,0.6)&#8221; background_color_gradient_direction=&#8221;90deg&#8221; background_color_gradient_overlays_image=&#8221;on&#8221; background_image=&#8221;@ET-DC@eyJkeW5hbWljIjp0cnVlLCJjb250ZW50IjoicG9zdF9mZWF0dXJlZF9pbWFnZSIsInNldHRpbmdzIjp7fX0=@&#8221; custom_padding=&#8221;325px||120px||false|false&#8221; custom_padding_tablet=&#8221;250px||||false|false&#8221; custom_padding_phone=&#8221;220px||80px||false|false&#8221; border_radii=&#8221;off|||300px|300px&#8221; global_module=&#8221;441&#8243; saved_tabs=&#8221;all&#8221; global_colors_info=&#8221;{}&#8221;][et_pb_row _builder_version=&#8221;4.15.1&#8243; _module_preset=&#8221;default&#8221; custom_margin=&#8221;0px||0px||false|false&#8221; custom_padding=&#8221;0px||0px||false|false&#8221; global_colors_info=&#8221;{}&#8221;][et_pb_column type=&#8221;4_4&#8243; _builder_version=&#8221;4.15.1&#8243; _module_preset=&#8221;default&#8221; global_colors_info=&#8221;{}&#8221;][et_pb_post_title meta=&#8221;off&#8221; featured_image=&#8221;off&#8221; text_color=&#8221;light&#8221; _builder_version=&#8221;4.15.1&#8243; _module_preset=&#8221;default&#8221; title_font=&#8221;|300|||||||&#8221; text_orientation=&#8221;center&#8221; animation_style=&#8221;slide&#8221; animation_direction=&#8221;top&#8221; title_text_shadow_style=&#8221;preset3&#8243; global_colors_info=&#8221;{}&#8221;][\/et_pb_post_title][\/et_pb_column][\/et_pb_row][\/et_pb_section][et_pb_section fb_built=&#8221;1&#8243; _builder_version=&#8221;4.15.1&#8243; _module_preset=&#8221;default&#8221; global_colors_info=&#8221;{}&#8221;][et_pb_row _builder_version=&#8221;4.15.1&#8243; _module_preset=&#8221;default&#8221; max_width=&#8221;900px&#8221; custom_margin=&#8221;0px||80px||false|false&#8221; custom_padding=&#8221;0px||0px||false|false&#8221; global_colors_info=&#8221;{}&#8221;][et_pb_column type=&#8221;4_4&#8243; _builder_version=&#8221;4.15.1&#8243; _module_preset=&#8221;default&#8221; global_colors_info=&#8221;{}&#8221;][et_pb_text module_id=&#8221;inicio-intranet&#8221; _builder_version=&#8221;4.15.1&#8243; _module_preset=&#8221;default&#8221; header_font=&#8221;||||||||&#8221; header_5_font=&#8221;|600||on|||||&#8221; header_5_text_color=&#8221;#F8931D&#8221; header_6_font=&#8221;|||on|||||&#8221; header_6_text_color=&#8221;#58585A&#8221; text_orientation=&#8221;center&#8221; hover_enabled=&#8221;0&#8243; global_colors_info=&#8221;{}&#8221; sticky_enabled=&#8221;0&#8243;]<\/p>\n<h5>Trabalhamos sempre com or\u00e7amento para que voc\u00ea saiba quanto custar\u00e1 sua tradu\u00e7\u00e3o.<\/h5>\n<p><h7 style=\"text-align: center;\"><strong>Quer nos enviar seu or\u00e7amento de forma \u00e1gil e simples?<\/strong><\/h7><\/p>\n<p>Ter\u00e1 tudo esclarecido antes de encomendar a tradu\u00e7\u00e3o, sem surpresas de \u00faltima hora. Por esta raz\u00e3o, queremos avaliar exatamente o que precisa ser traduzido e precisamos ver o texto ou documento a partir do qual come\u00e7ar\u00edamos. Clique no bot\u00e3o de acesso para poder fazer o upload de uma c\u00f3pia do documento a ser traduzido para a nossa plataforma da forma que indicamos e enviaremos um or\u00e7amento personalizado.<\/p>\n<p>[\/et_pb_text][\/et_pb_column][\/et_pb_row][et_pb_row column_structure=&#8221;1_2,1_2&#8243; make_equal=&#8221;on&#8221; _builder_version=&#8221;4.15.1&#8243; _module_preset=&#8221;default&#8221; custom_margin=&#8221;0px||0px||false|false&#8221; custom_padding=&#8221;0px||50px||false|false&#8221; global_colors_info=&#8221;{}&#8221;][et_pb_column type=&#8221;1_2&#8243; _builder_version=&#8221;4.15.1&#8243; _module_preset=&#8221;default&#8221; background_color=&#8221;#F4F4F4&#8243; custom_padding=&#8221;50px|50px|50px|50px|false|false&#8221; custom_padding_tablet=&#8221;20px|20px|20px|20px|false|false&#8221; custom_padding_phone=&#8221;20px|20px|20px|20px|false|false&#8221; custom_padding_last_edited=&#8221;on|tablet&#8221; custom_css_main_element=&#8221;    display: -webkit-flex;||    display: -ms-flexbox;||    display: flex;||    -webkit-flex-direction: column;||    -ms-flex-direction: column;||    flex-direction: column; ||-webkit-justify-content: space-between;||\t-ms-flex-pack: justify;||\tjustify-content: space-between;||&#8221; border_radii=&#8221;on|40px|40px|40px|40px&#8221; global_colors_info=&#8221;{}&#8221;][et_pb_text _builder_version=&#8221;4.15.1&#8243; _module_preset=&#8221;default&#8221; text_font=&#8221;||||||||&#8221; header_2_font=&#8221;|700||on|||||&#8221; header_2_text_color=&#8221;#F8931D&#8221; header_5_font=&#8221;|700||on|||||&#8221; header_5_text_color=&#8221;#58585A&#8221; custom_margin=&#8221;0px||20px||false|false&#8221; custom_padding=&#8221;0px||0px||false|false&#8221; hover_enabled=&#8221;0&#8243; text_orientation_tablet=&#8221;center&#8221; text_orientation_phone=&#8221;center&#8221; text_orientation_last_edited=&#8221;on|tablet&#8221; global_colors_info=&#8221;{}&#8221; sticky_enabled=&#8221;0&#8243;]<\/p>\n<h2>Passo 1<\/h2>\n<h5>Instru\u00e7\u00f5es<\/h5>\n<p>A primeira coisa que voc\u00ea deve fazer ao entrar no espa\u00e7o de upload \u00e9 nomear seu(s) arquivo(s) para upload desta forma para poder identific\u00e1-lo:<em style=\"font-size: 20px;\">Nome_E-mail_Telefone<\/em> \u2013 Ej: <strong><a href=\"mailto:alonso@gmail.com\">CarlosAlonso_alonso@gmail.com_666666666<\/a><\/strong><\/p>\n<p>Feito isso, clique em &#8220;Selecionar ou arrastar e soltar arquivos&#8221; ou solte os arquivos no espa\u00e7o interativo.<\/p>\n<p>[\/et_pb_text][et_pb_button button_url=&#8221;https:\/\/agptraducciones.oficinavp.com\/index.php\/s\/pWByEBRGZGRGMnf&#8221; url_new_window=&#8221;on&#8221; button_text=&#8221;Upload de arquivo&#8221; button_alignment=&#8221;right&#8221; button_alignment_tablet=&#8221;center&#8221; button_alignment_phone=&#8221;center&#8221; button_alignment_last_edited=&#8221;on|tablet&#8221; disabled_on=&#8221;off|off|off&#8221; _builder_version=&#8221;4.15.1&#8243; _module_preset=&#8221;default&#8221; hover_enabled=&#8221;0&#8243; global_colors_info=&#8221;{}&#8221; sticky_enabled=&#8221;0&#8243;][\/et_pb_button][\/et_pb_column][et_pb_column type=&#8221;1_2&#8243; _builder_version=&#8221;4.15.1&#8243; _module_preset=&#8221;default&#8221; background_color=&#8221;#F4F4F4&#8243; custom_padding=&#8221;50px|50px|50px|50px|false|false&#8221; custom_padding_tablet=&#8221;20px|20px|20px|20px|false|false&#8221; custom_padding_phone=&#8221;20px|20px|20px|20px|false|false&#8221; custom_padding_last_edited=&#8221;on|tablet&#8221; custom_css_main_element=&#8221;    display: -webkit-flex;||    display: -ms-flexbox;||    display: flex;||    -webkit-flex-direction: column;||    -ms-flex-direction: column;||    flex-direction: column; ||-webkit-justify-content: space-between;||\t-ms-flex-pack: justify;||\tjustify-content: space-between;||&#8221; border_radii=&#8221;on|40px|40px|40px|40px&#8221; global_colors_info=&#8221;{}&#8221;][et_pb_text _builder_version=&#8221;4.15.1&#8243; _module_preset=&#8221;default&#8221; text_font=&#8221;||||||||&#8221; header_2_font=&#8221;|700||on|||||&#8221; header_2_text_color=&#8221;#F8931D&#8221; header_5_font=&#8221;|700||on|||||&#8221; header_5_text_color=&#8221;#58585A&#8221; custom_margin=&#8221;0px||20px||false|false&#8221; custom_padding=&#8221;0px||0px||false|false&#8221; hover_enabled=&#8221;0&#8243; text_orientation_tablet=&#8221;center&#8221; text_orientation_phone=&#8221;center&#8221; text_orientation_last_edited=&#8221;on|tablet&#8221; global_colors_info=&#8221;{}&#8221; sticky_enabled=&#8221;0&#8243;]<\/p>\n<h2>Passo 2<\/h2>\n<h5>Instru\u00e7\u00f5es<\/h5>\n<p>Uma vez que os arquivos tenham sido carregados de acordo com as instru\u00e7\u00f5es do passo 1 e tenhamos enviado o or\u00e7amento personalizado e a forma de pagamento, acesse nosso formul\u00e1rio de pagamento digital para concluir o processo.<\/p>\n<p>[\/et_pb_text][et_pb_button button_url=&#8221;@ET-DC@eyJkeW5hbWljIjp0cnVlLCJjb250ZW50IjoicG9zdF9saW5rX3VybF9wYWdlIiwic2V0dGluZ3MiOnsicG9zdF9pZCI6IjQ1MiJ9fQ==@&#8221; button_text=&#8221;Formul\u00e1rio de pagamento&#8221; button_alignment=&#8221;right&#8221; button_alignment_tablet=&#8221;center&#8221; button_alignment_phone=&#8221;center&#8221; button_alignment_last_edited=&#8221;on|tablet&#8221; disabled_on=&#8221;off|off|off&#8221; _builder_version=&#8221;4.15.1&#8243; _dynamic_attributes=&#8221;button_url&#8221; _module_preset=&#8221;default&#8221; hover_enabled=&#8221;0&#8243; global_colors_info=&#8221;{}&#8221; sticky_enabled=&#8221;0&#8243;][\/et_pb_button][\/et_pb_column][\/et_pb_row][et_pb_row _builder_version=&#8221;4.15.1&#8243; _module_preset=&#8221;default&#8221; custom_padding=&#8221;50px|||||&#8221; global_colors_info=&#8221;{}&#8221;][et_pb_column type=&#8221;4_4&#8243; _builder_version=&#8221;4.15.1&#8243; _module_preset=&#8221;default&#8221; global_colors_info=&#8221;{}&#8221;][et_pb_text _builder_version=&#8221;4.15.1&#8243; _module_preset=&#8221;default&#8221; text_text_color=&#8221;#F8931D&#8221; header_text_color=&#8221;#F8931D&#8221; header_3_text_color=&#8221;#F8931D&#8221; hover_enabled=&#8221;0&#8243; global_colors_info=&#8221;{}&#8221; sticky_enabled=&#8221;0&#8243;]<\/p>\n<h3><strong>Formul\u00e1rio de contacto<\/strong><\/h3>\n<p>[\/et_pb_text][et_pb_code _builder_version=&#8221;4.15.1&#8243; _module_preset=&#8221;default&#8221; global_colors_info=&#8221;{}&#8221;]\n<div class=\"wpcf7 no-js\" id=\"wpcf7-f3150-o1\" lang=\"pt-PT\" dir=\"ltr\" data-wpcf7-id=\"3150\">\n<div class=\"screen-reader-response\"><p role=\"status\" aria-live=\"polite\" aria-atomic=\"true\"><\/p> <ul><\/ul><\/div>\n<form action=\"\/pt\/wp-json\/wp\/v2\/pages\/2728#wpcf7-f3150-o1\" method=\"post\" class=\"wpcf7-form init\" aria-label=\"Formul\u00e1rio de contacto\" novalidate=\"novalidate\" data-status=\"init\">\n<div style=\"display: none;\">\n<input type=\"hidden\" name=\"_wpcf7\" value=\"3150\" \/>\n<input type=\"hidden\" name=\"_wpcf7_version\" value=\"6.0.6\" \/>\n<input type=\"hidden\" name=\"_wpcf7_locale\" value=\"pt_PT\" \/>\n<input type=\"hidden\" name=\"_wpcf7_unit_tag\" value=\"wpcf7-f3150-o1\" \/>\n<input type=\"hidden\" name=\"_wpcf7_container_post\" value=\"0\" \/>\n<input type=\"hidden\" name=\"_wpcf7_posted_data_hash\" value=\"\" \/>\n<input type=\"hidden\" name=\"_wpcf7_recaptcha_response\" value=\"\" \/>\n<\/div>\n<div class=\"dipe_row\">\n\t<div class=\"dipe_col\">\n\t\t<p><span class=\"wpcf7-form-control-wrap\" data-name=\"nombre\"><input size=\"40\" maxlength=\"400\" class=\"wpcf7-form-control wpcf7-text wpcf7-validates-as-required\" aria-required=\"true\" aria-invalid=\"false\" placeholder=\"Nome *\" value=\"\" type=\"text\" name=\"nombre\" \/><\/span>\n\t\t<\/p>\n\t<\/div>\n\t<div class=\"dipe_col\">\n\t\t<p><span class=\"wpcf7-form-control-wrap\" data-name=\"empresa\"><input size=\"40\" maxlength=\"400\" class=\"wpcf7-form-control wpcf7-text\" aria-invalid=\"false\" placeholder=\"Neg\u00f3cio\" value=\"\" type=\"text\" name=\"empresa\" \/><\/span>\n\t\t<\/p>\n\t<\/div>\n<\/div>\n<div class=\"dipe_row\">\n\t<div class=\"dipe_col\">\n\t\t<p><span class=\"wpcf7-form-control-wrap\" data-name=\"telefono\"><input size=\"40\" maxlength=\"400\" class=\"wpcf7-form-control wpcf7-tel wpcf7-text wpcf7-validates-as-tel\" aria-invalid=\"false\" placeholder=\"Telefone\" value=\"\" type=\"tel\" name=\"telefono\" \/><\/span>\n\t\t<\/p>\n\t<\/div>\n\t<div class=\"dipe_col\">\n\t\t<p><span class=\"wpcf7-form-control-wrap\" data-name=\"email\"><input size=\"40\" maxlength=\"400\" class=\"wpcf7-form-control wpcf7-email wpcf7-validates-as-required wpcf7-text wpcf7-validates-as-email\" aria-required=\"true\" aria-invalid=\"false\" placeholder=\"E-mail *\" value=\"\" type=\"email\" name=\"email\" \/><\/span>\n\t\t<\/p>\n\t<\/div>\n<\/div>\n<div class=\"dipe_row\">\n\t<div class=\"dipe_col\">\n\t\t<p><span class=\"wpcf7-form-control-wrap\" data-name=\"asunto\"><input size=\"40\" maxlength=\"400\" class=\"wpcf7-form-control wpcf7-text wpcf7-validates-as-required\" aria-required=\"true\" aria-invalid=\"false\" placeholder=\"Assunto *\" value=\"\" type=\"text\" name=\"asunto\" \/><\/span>\n\t\t<\/p>\n\t<\/div>\n<\/div>\n<div class=\"dipe_row\">\n\t<div class=\"dipe_col\">\n\t\t<p><span class=\"wpcf7-form-control-wrap\" data-name=\"mensaje\"><textarea cols=\"40\" rows=\"10\" maxlength=\"2000\" class=\"wpcf7-form-control wpcf7-textarea wpcf7-validates-as-required\" aria-required=\"true\" aria-invalid=\"false\" placeholder=\"Mensagem *\" name=\"mensaje\"><\/textarea><\/span>\n\t\t<\/p>\n\t<\/div>\n<\/div>\n<div class=\"dipe_row\">\n\t<div class=\"dipe_col\">\n\t\t<p><span class=\"wpcf7-form-control-wrap\" data-name=\"legal\"><span class=\"wpcf7-form-control wpcf7-acceptance\"><span class=\"wpcf7-list-item\"><label><input type=\"checkbox\" name=\"legal\" value=\"1\" aria-invalid=\"false\" \/><span class=\"wpcf7-list-item-label\">Eu li e aceito o <strong><a target=\"_blank\" href=\"\/aviso-legal\">Aviso Legal<\/a><\/strong> e a <strong><a target=\"_blank\" href=\"\/politica-de-privacidad\">Pol\u00edtica de privacidade<\/a><\/strong><\/span><\/label><\/span><\/span><\/span>\n\t\t<\/p>\n\t<\/div>\n<\/div>\n<div class=\"dipe_row\">\n\t<div class=\"dipe_col\">\n\t\t<p><input class=\"wpcf7-form-control wpcf7-submit has-spinner\" type=\"submit\" value=\"Enviar\" \/>\n\t\t<\/p>\n\t<\/div>\n<\/div><div class=\"wpcf7-response-output\" aria-hidden=\"true\"><\/div>\n<\/form>\n<\/div>\n[\/et_pb_code][\/et_pb_column][\/et_pb_row][\/et_pb_section]<\/p>\n","protected":false},"excerpt":{"rendered":"<p>Trabalhamos sempre com or\u00e7amento para que voc\u00ea saiba quanto custar\u00e1 sua tradu\u00e7\u00e3o. Quer nos enviar seu or\u00e7amento de forma \u00e1gil e simples? Ter\u00e1 tudo esclarecido antes de encomendar a tradu\u00e7\u00e3o, sem surpresas de \u00faltima hora. Por esta raz\u00e3o, queremos avaliar exatamente o que precisa ser traduzido e precisamos ver o texto ou documento a partir [&hellip;]<\/p>\n","protected":false},"author":1,"featured_media":2729,"parent":0,"menu_order":0,"comment_status":"closed","ping_status":"closed","template":"","meta":{"_et_pb_use_builder":"on","_et_pb_old_content":"","_et_gb_content_width":"","footnotes":""},"class_list":["post-2728","page","type-page","status-publish","has-post-thumbnail","hentry"],"yoast_head":"<!-- This site is optimized with the Yoast SEO plugin v25.2 - https:\/\/yoast.com\/wordpress\/plugins\/seo\/ -->\n<title>Intranet &#8226; agp Traducciones<\/title>\n<meta name=\"robots\" content=\"index, follow, max-snippet:-1, max-image-preview:large, max-video-preview:-1\" \/>\n<link rel=\"canonical\" href=\"https:\/\/www.agptraducciones.com\/pt\/intranet\/\" \/>\n<meta property=\"og:locale\" content=\"pt_PT\" \/>\n<meta property=\"og:type\" content=\"article\" \/>\n<meta property=\"og:title\" content=\"Intranet &#8226; agp Traducciones\" \/>\n<meta property=\"og:description\" content=\"Trabalhamos sempre com or\u00e7amento para que voc\u00ea saiba quanto custar\u00e1 sua tradu\u00e7\u00e3o. Quer nos enviar seu or\u00e7amento de forma \u00e1gil e simples? Ter\u00e1 tudo esclarecido antes de encomendar a tradu\u00e7\u00e3o, sem surpresas de \u00faltima hora. Por esta raz\u00e3o, queremos avaliar exatamente o que precisa ser traduzido e precisamos ver o texto ou documento a partir [&hellip;]\" \/>\n<meta property=\"og:url\" content=\"https:\/\/www.agptraducciones.com\/pt\/intranet\/\" \/>\n<meta property=\"og:site_name\" content=\"agp Traducciones\" \/>\n<meta property=\"article:modified_time\" content=\"2022-09-22T09:15:56+00:00\" \/>\n<meta property=\"og:image\" content=\"https:\/\/www.agptraducciones.com\/wp-content\/uploads\/2022\/04\/agp-traducciones-intranet-01.jpg\" \/>\n\t<meta property=\"og:image:width\" content=\"1920\" \/>\n\t<meta property=\"og:image:height\" content=\"800\" \/>\n\t<meta property=\"og:image:type\" content=\"image\/jpeg\" \/>\n<meta name=\"twitter:card\" content=\"summary_large_image\" \/>\n<meta name=\"twitter:label1\" content=\"Tempo estimado de leitura\" \/>\n\t<meta name=\"twitter:data1\" content=\"2 minutos\" \/>\n<script type=\"application\/ld+json\" class=\"yoast-schema-graph\">{\"@context\":\"https:\/\/schema.org\",\"@graph\":[{\"@type\":\"WebPage\",\"@id\":\"https:\/\/www.agptraducciones.com\/pt\/intranet\/\",\"url\":\"https:\/\/www.agptraducciones.com\/pt\/intranet\/\",\"name\":\"Intranet &#8226; agp Traducciones\",\"isPartOf\":{\"@id\":\"https:\/\/www.agptraducciones.com\/pt\/#website\"},\"primaryImageOfPage\":{\"@id\":\"https:\/\/www.agptraducciones.com\/pt\/intranet\/#primaryimage\"},\"image\":{\"@id\":\"https:\/\/www.agptraducciones.com\/pt\/intranet\/#primaryimage\"},\"thumbnailUrl\":\"https:\/\/www.agptraducciones.com\/wp-content\/uploads\/2022\/04\/agp-traducciones-intranet-01.jpg\",\"datePublished\":\"2022-04-28T06:49:41+00:00\",\"dateModified\":\"2022-09-22T09:15:56+00:00\",\"breadcrumb\":{\"@id\":\"https:\/\/www.agptraducciones.com\/pt\/intranet\/#breadcrumb\"},\"inLanguage\":\"pt-PT\",\"potentialAction\":[{\"@type\":\"ReadAction\",\"target\":[\"https:\/\/www.agptraducciones.com\/pt\/intranet\/\"]}]},{\"@type\":\"ImageObject\",\"inLanguage\":\"pt-PT\",\"@id\":\"https:\/\/www.agptraducciones.com\/pt\/intranet\/#primaryimage\",\"url\":\"https:\/\/www.agptraducciones.com\/wp-content\/uploads\/2022\/04\/agp-traducciones-intranet-01.jpg\",\"contentUrl\":\"https:\/\/www.agptraducciones.com\/wp-content\/uploads\/2022\/04\/agp-traducciones-intranet-01.jpg\",\"width\":1920,\"height\":800},{\"@type\":\"BreadcrumbList\",\"@id\":\"https:\/\/www.agptraducciones.com\/pt\/intranet\/#breadcrumb\",\"itemListElement\":[{\"@type\":\"ListItem\",\"position\":1,\"name\":\"Inicio\",\"item\":\"https:\/\/www.agptraducciones.com\/pt\/\"},{\"@type\":\"ListItem\",\"position\":2,\"name\":\"Intranet\"}]},{\"@type\":\"WebSite\",\"@id\":\"https:\/\/www.agptraducciones.com\/pt\/#website\",\"url\":\"https:\/\/www.agptraducciones.com\/pt\/\",\"name\":\"agp Traducciones\",\"description\":\"Empresa de traducci\u00f3n profesional \ud83d\udcac\",\"publisher\":{\"@id\":\"https:\/\/www.agptraducciones.com\/pt\/#organization\"},\"potentialAction\":[{\"@type\":\"SearchAction\",\"target\":{\"@type\":\"EntryPoint\",\"urlTemplate\":\"https:\/\/www.agptraducciones.com\/pt\/?s={search_term_string}\"},\"query-input\":{\"@type\":\"PropertyValueSpecification\",\"valueRequired\":true,\"valueName\":\"search_term_string\"}}],\"inLanguage\":\"pt-PT\"},{\"@type\":\"Organization\",\"@id\":\"https:\/\/www.agptraducciones.com\/pt\/#organization\",\"name\":\"agp Traducciones\",\"url\":\"https:\/\/www.agptraducciones.com\/pt\/\",\"logo\":{\"@type\":\"ImageObject\",\"inLanguage\":\"pt-PT\",\"@id\":\"https:\/\/www.agptraducciones.com\/pt\/#\/schema\/logo\/image\/\",\"url\":\"https:\/\/www.agptraducciones.com\/wp-content\/uploads\/2022\/03\/logo-color-agp-traducciones-01.png\",\"contentUrl\":\"https:\/\/www.agptraducciones.com\/wp-content\/uploads\/2022\/03\/logo-color-agp-traducciones-01.png\",\"width\":480,\"height\":270,\"caption\":\"agp Traducciones\"},\"image\":{\"@id\":\"https:\/\/www.agptraducciones.com\/pt\/#\/schema\/logo\/image\/\"}}]}<\/script>\n<!-- \/ Yoast SEO plugin. -->","yoast_head_json":{"title":"Intranet &#8226; agp Traducciones","robots":{"index":"index","follow":"follow","max-snippet":"max-snippet:-1","max-image-preview":"max-image-preview:large","max-video-preview":"max-video-preview:-1"},"canonical":"https:\/\/www.agptraducciones.com\/pt\/intranet\/","og_locale":"pt_PT","og_type":"article","og_title":"Intranet &#8226; agp Traducciones","og_description":"Trabalhamos sempre com or\u00e7amento para que voc\u00ea saiba quanto custar\u00e1 sua tradu\u00e7\u00e3o. Quer nos enviar seu or\u00e7amento de forma \u00e1gil e simples? Ter\u00e1 tudo esclarecido antes de encomendar a tradu\u00e7\u00e3o, sem surpresas de \u00faltima hora. Por esta raz\u00e3o, queremos avaliar exatamente o que precisa ser traduzido e precisamos ver o texto ou documento a partir [&hellip;]","og_url":"https:\/\/www.agptraducciones.com\/pt\/intranet\/","og_site_name":"agp Traducciones","article_modified_time":"2022-09-22T09:15:56+00:00","og_image":[{"width":1920,"height":800,"url":"https:\/\/www.agptraducciones.com\/wp-content\/uploads\/2022\/04\/agp-traducciones-intranet-01.jpg","type":"image\/jpeg"}],"twitter_card":"summary_large_image","twitter_misc":{"Tempo estimado de leitura":"2 minutos"},"schema":{"@context":"https:\/\/schema.org","@graph":[{"@type":"WebPage","@id":"https:\/\/www.agptraducciones.com\/pt\/intranet\/","url":"https:\/\/www.agptraducciones.com\/pt\/intranet\/","name":"Intranet &#8226; agp Traducciones","isPartOf":{"@id":"https:\/\/www.agptraducciones.com\/pt\/#website"},"primaryImageOfPage":{"@id":"https:\/\/www.agptraducciones.com\/pt\/intranet\/#primaryimage"},"image":{"@id":"https:\/\/www.agptraducciones.com\/pt\/intranet\/#primaryimage"},"thumbnailUrl":"https:\/\/www.agptraducciones.com\/wp-content\/uploads\/2022\/04\/agp-traducciones-intranet-01.jpg","datePublished":"2022-04-28T06:49:41+00:00","dateModified":"2022-09-22T09:15:56+00:00","breadcrumb":{"@id":"https:\/\/www.agptraducciones.com\/pt\/intranet\/#breadcrumb"},"inLanguage":"pt-PT","potentialAction":[{"@type":"ReadAction","target":["https:\/\/www.agptraducciones.com\/pt\/intranet\/"]}]},{"@type":"ImageObject","inLanguage":"pt-PT","@id":"https:\/\/www.agptraducciones.com\/pt\/intranet\/#primaryimage","url":"https:\/\/www.agptraducciones.com\/wp-content\/uploads\/2022\/04\/agp-traducciones-intranet-01.jpg","contentUrl":"https:\/\/www.agptraducciones.com\/wp-content\/uploads\/2022\/04\/agp-traducciones-intranet-01.jpg","width":1920,"height":800},{"@type":"BreadcrumbList","@id":"https:\/\/www.agptraducciones.com\/pt\/intranet\/#breadcrumb","itemListElement":[{"@type":"ListItem","position":1,"name":"Inicio","item":"https:\/\/www.agptraducciones.com\/pt\/"},{"@type":"ListItem","position":2,"name":"Intranet"}]},{"@type":"WebSite","@id":"https:\/\/www.agptraducciones.com\/pt\/#website","url":"https:\/\/www.agptraducciones.com\/pt\/","name":"agp Traducciones","description":"Empresa de traducci\u00f3n profesional \ud83d\udcac","publisher":{"@id":"https:\/\/www.agptraducciones.com\/pt\/#organization"},"potentialAction":[{"@type":"SearchAction","target":{"@type":"EntryPoint","urlTemplate":"https:\/\/www.agptraducciones.com\/pt\/?s={search_term_string}"},"query-input":{"@type":"PropertyValueSpecification","valueRequired":true,"valueName":"search_term_string"}}],"inLanguage":"pt-PT"},{"@type":"Organization","@id":"https:\/\/www.agptraducciones.com\/pt\/#organization","name":"agp Traducciones","url":"https:\/\/www.agptraducciones.com\/pt\/","logo":{"@type":"ImageObject","inLanguage":"pt-PT","@id":"https:\/\/www.agptraducciones.com\/pt\/#\/schema\/logo\/image\/","url":"https:\/\/www.agptraducciones.com\/wp-content\/uploads\/2022\/03\/logo-color-agp-traducciones-01.png","contentUrl":"https:\/\/www.agptraducciones.com\/wp-content\/uploads\/2022\/03\/logo-color-agp-traducciones-01.png","width":480,"height":270,"caption":"agp Traducciones"},"image":{"@id":"https:\/\/www.agptraducciones.com\/pt\/#\/schema\/logo\/image\/"}}]}},"_links":{"self":[{"href":"https:\/\/www.agptraducciones.com\/pt\/wp-json\/wp\/v2\/pages\/2728","targetHints":{"allow":["GET"]}}],"collection":[{"href":"https:\/\/www.agptraducciones.com\/pt\/wp-json\/wp\/v2\/pages"}],"about":[{"href":"https:\/\/www.agptraducciones.com\/pt\/wp-json\/wp\/v2\/types\/page"}],"author":[{"embeddable":true,"href":"https:\/\/www.agptraducciones.com\/pt\/wp-json\/wp\/v2\/users\/1"}],"replies":[{"embeddable":true,"href":"https:\/\/www.agptraducciones.com\/pt\/wp-json\/wp\/v2\/comments?post=2728"}],"version-history":[{"count":21,"href":"https:\/\/www.agptraducciones.com\/pt\/wp-json\/wp\/v2\/pages\/2728\/revisions"}],"predecessor-version":[{"id":3258,"href":"https:\/\/www.agptraducciones.com\/pt\/wp-json\/wp\/v2\/pages\/2728\/revisions\/3258"}],"wp:featuredmedia":[{"embeddable":true,"href":"https:\/\/www.agptraducciones.com\/pt\/wp-json\/wp\/v2\/media\/2729"}],"wp:attachment":[{"href":"https:\/\/www.agptraducciones.com\/pt\/wp-json\/wp\/v2\/media?parent=2728"}],"curies":[{"name":"wp","href":"https:\/\/api.w.org\/{rel}","templated":true}]}}