{"id":2831,"date":"2020-02-17T09:27:38","date_gmt":"2020-02-17T09:27:38","guid":{"rendered":"https:\/\/agptraducciones.com.46-231-5-178.46-231-5-178.visualpublinet.com\/aviso-legal\/"},"modified":"2022-09-05T07:28:28","modified_gmt":"2022-09-05T07:28:28","slug":"aviso-legal","status":"publish","type":"page","link":"https:\/\/www.agptraducciones.com\/pt\/aviso-legal\/","title":{"rendered":"Aviso legal"},"content":{"rendered":"<p>[et_pb_section fb_built=&#8221;1&#8243; custom_padding_last_edited=&#8221;on|phone&#8221; _builder_version=&#8221;4.15.1&#8243; _module_preset=&#8221;default&#8221; use_background_color_gradient=&#8221;on&#8221; background_color_gradient_start=&#8221;#f78b1f&#8221; background_color_gradient_end=&#8221;#f26527&#8243; background_color_gradient_direction=&#8221;48deg&#8221; custom_padding=&#8221;280px||||false|false&#8221; custom_padding_tablet=&#8221;180px||||false|false&#8221; custom_padding_phone=&#8221;150px||||false|false&#8221; border_radii=&#8221;off|||80px|80px&#8221; locked=&#8221;off&#8221; global_colors_info=&#8221;{}&#8221; global_module=&#8221;404&#8243; saved_tabs=&#8221;all&#8221;][et_pb_row _builder_version=&#8221;4.15.1&#8243; _module_preset=&#8221;default&#8221; custom_margin=&#8221;0px||0px||false|false&#8221; custom_padding=&#8221;0px||0px||false|false&#8221; global_colors_info=&#8221;{}&#8221;][et_pb_column type=&#8221;4_4&#8243; _builder_version=&#8221;4.15.1&#8243; _module_preset=&#8221;default&#8221; global_colors_info=&#8221;{}&#8221;][et_pb_post_title meta=&#8221;off&#8221; featured_image=&#8221;off&#8221; text_color=&#8221;light&#8221; _builder_version=&#8221;4.15.1&#8243; _module_preset=&#8221;default&#8221; title_text_color=&#8221;#FFFFFF&#8221; text_orientation=&#8221;center&#8221; global_colors_info=&#8221;{}&#8221;][\/et_pb_post_title][\/et_pb_column][\/et_pb_row][\/et_pb_section][et_pb_section fb_built=&#8221;1&#8243; admin_label=&#8221;section&#8221; _builder_version=&#8221;4.15&#8243; global_colors_info=&#8221;{}&#8221;][et_pb_row admin_label=&#8221;row&#8221; _builder_version=&#8221;4.15&#8243; background_size=&#8221;initial&#8221; background_position=&#8221;top_left&#8221; background_repeat=&#8221;repeat&#8221; global_colors_info=&#8221;{}&#8221;][et_pb_column type=&#8221;4_4&#8243; _builder_version=&#8221;4.15&#8243; custom_padding=&#8221;|||&#8221; global_colors_info=&#8221;{}&#8221; custom_padding__hover=&#8221;|||&#8221;][et_pb_text admin_label=&#8221;Text&#8221; _builder_version=&#8221;4.15.1&#8243; background_size=&#8221;initial&#8221; background_position=&#8221;top_left&#8221; background_repeat=&#8221;repeat&#8221; global_colors_info=&#8221;{}&#8221;]<\/p>\n<div id=\"clickdatos\">\n<p>No presente Aviso legal, o Utilizador poder\u00e1 encontrar toda a informa\u00e7\u00e3o relativa \u00e0s condi\u00e7\u00f5es legais que definem as rela\u00e7\u00f5es entre os utilizadores e o respons\u00e1vel pela p\u00e1gina Web acess\u00edvel no endere\u00e7o de URL https:\/\/agptraducciones.com (doravante, o site), que a <span>SERVICIOS LING\u00dc\u00cdSTICOS GAIA, S.L.U. <\/span>p\u00f5e \u00e0 disposi\u00e7\u00e3o dos utilizadores da Internet.<br \/>A utiliza\u00e7\u00e3o do site implica a aceita\u00e7\u00e3o plena e sem reservas de todas e cada uma das disposi\u00e7\u00f5es inclu\u00eddas neste Aviso legal. Consequentemente, o utilizador do site deve ler atentamente o presente Aviso legal sempre que pretender utilizar o site, visto que o texto poder\u00e1 sofrer altera\u00e7\u00f5es ao crit\u00e9rio do titular do site ou devido a uma altera\u00e7\u00e3o legislativa, jurisprudencial ou na pr\u00e1tica empresarial.<\/p>\n<h2>1.- DADOS DO RESPONS\u00c1VEL TITULAR DO SITE<\/h2>\n<p>Nome do titular: <span>SERVICIOS LING\u00dc\u00cdSTICOS GAIA, S.L.U.<\/span><br \/>Sede social: <span>&nbsp;Avenida Gran V\u00eda, n.\u00ba 5 \u2013 1.\u00ba B, 36204 Vigo, (Pontevedra), Espanha<\/span><br \/>N.I.F.: <span>B36926830<\/span><br \/>Telefone de contacto: <span>+34 986 484 061<\/span><br \/>Correio eletr\u00f3nico: <a href=\"mailto:admin@agptraducciones.com\" data-aalisten=\"1\">admin@agptraducciones.com<\/a><\/p>\n<p><span>A SERVICIOS LING\u00dc\u00cdSTICOS GAIA, S.L.U. <\/span>\u00e9 a respons\u00e1vel do site e compromete-se a cumprir todos os requisitos nacionais e europeus que regem a utiliza\u00e7\u00e3o dos dados pessoais dos utilizadores.<\/p>\n<p>Este site garante a prote\u00e7\u00e3o e confidencialidade dos dados pessoais que nos sejam fornecidos de acordo com o disposto no Regulamento geral de prote\u00e7\u00e3o de dados de car\u00e1ter pessoal (UE) n.\u00ba 2016\/679 do Parlamento Europeu e do Conselho, de 27 de abril de 2016, na Lei org\u00e2nica n.\u00ba 3\/2018, de Prote\u00e7\u00e3o de dados pessoais e garantia dos direitos digitais, assim como na Lei de servi\u00e7os da sociedade da informa\u00e7\u00e3o e do com\u00e9rcio eletr\u00f3nico n.\u00ba 34\/2002 de 11 de julho (LSSI-CE).<\/p>\n<h2>2.- OBJETO<\/h2>\n<p>O site d\u00e1 aos seus utilizadores acesso a informa\u00e7\u00f5es e servi\u00e7os prestados pela <span>SERVICIOS LING\u00dc\u00cdSTICOS GAIA, S.L.U. <\/span>a pessoas ou organiza\u00e7\u00f5es neles interessadas.<\/p>\n<p>O acesso e utiliza\u00e7\u00e3o do Site atribuem a condi\u00e7\u00e3o de utilizador do Site (doravante, o \u201cUtilizador\u201d) e implicam a aceita\u00e7\u00e3o de todas as condi\u00e7\u00f5es inclu\u00eddas neste Aviso legal e das respetivas altera\u00e7\u00f5es. A presta\u00e7\u00e3o do servi\u00e7o do Site tem uma dura\u00e7\u00e3o limitada ao tempo que o Utilizador se encontrar ligado ao Site ou a algum dos servi\u00e7os disponibilizados atrav\u00e9s do mesmo. Portanto, o Utilizador deve ler atentamente o presente Aviso legal sempre que pretender utilizar o Site, visto que este e as respetivas condi\u00e7\u00f5es de utiliza\u00e7\u00e3o estabelecidas no presente Aviso legal podem sofrer altera\u00e7\u00f5es.<\/p>\n<h2>3.- ACESSO E UTILIZA\u00c7\u00c3O DO SITE<\/h2>\n<p>3.1.- Car\u00e1ter gratuito do acesso e utiliza\u00e7\u00e3o do site O acesso ao site tem car\u00e1ter gratuito para os utilizadores do mesmo, exceto no que diz respeito ao custo da liga\u00e7\u00e3o atrav\u00e9s da rede de telecomunica\u00e7\u00f5es fornecida pelo prestador de acesso \u00e0 Internet contratado pelos utilizadores.<br \/>3.2.- Registo de utilizadores Na generalidade, o acesso e utiliza\u00e7\u00e3o do site n\u00e3o requerem a subscri\u00e7\u00e3o ou registo pr\u00e9vio dos utilizadores.<br \/>3.3.- Os utilizadores garantem e s\u00e3o respons\u00e1veis, em qualquer circunst\u00e2ncia, pela exatid\u00e3o, vig\u00eancia e autenticidade dos dados pessoais facultados e comprometem-se a mant\u00ea-los devidamente atualizados. O utilizador concorda em fornecer informa\u00e7\u00f5es completas e corretas no formul\u00e1rio de contacto ou subscri\u00e7\u00e3o.<\/p>\n<p>Em nenhum caso ser\u00e3o recolhidos dados de menores de idade relativos \u00e0 situa\u00e7\u00e3o profissional, econ\u00f3mica ou \u00e0 intimidade dos outros membros da fam\u00edlia sem o consentimento destes. Se tem menos de treze anos e acedeu a este site sem avisar os seus pais, n\u00e3o deve registar-se como utilizador.<\/p>\n<p>Neste site respeitamos e cuidamos dos dados pessoais dos utilizadores. Como utilizador deve saber que os seus direitos est\u00e3o garantidos.<\/p>\n<h2>4.- CONTE\u00daDOS DO SITE<\/h2>\n<p>O idioma utilizado pelo titular no site ser\u00e1 o espanhol. <span>A SERVICIOS LING\u00dc\u00cdSTICOS GAIA, S.L.U. <\/span>n\u00e3o se responsabiliza pela n\u00e3o compreens\u00e3o ou entendimento do idioma do site pelo utilizador, nem pelas respetivas consequ\u00eancias.<br \/><span>A SERVICIOS LING\u00dc\u00cdSTICOS GAIA, S.L.U. <\/span>poder\u00e1 modificar, apagar e alterar os conte\u00fados do site sem aviso pr\u00e9vio, bem como a forma de aceder a estes, sem qualquer justifica\u00e7\u00e3o e livremente, n\u00e3o se responsabilizando pelas consequ\u00eancias que isso possa ter para os utilizadores.<br \/>\u00c9 proibido utilizar os conte\u00fados do site para promover, contratar ou divulgar publicidade ou informa\u00e7\u00f5es pr\u00f3prias ou de terceiros sem a autoriza\u00e7\u00e3o da <span>SERVICIOS LING\u00dc\u00cdSTICOS GAIA, S.L.U. <\/span> e tamb\u00e9m enviar publicidade ou informa\u00e7\u00f5es valendo-se para isso dos servi\u00e7os ou informa\u00e7\u00f5es postos \u00e0 disposi\u00e7\u00e3o dos utilizadores, independentemente de a utiliza\u00e7\u00e3o ser gratuita ou n\u00e3o.<br \/>As liga\u00e7\u00f5es ou hiperliga\u00e7\u00f5es incorporadas por terceiros nas suas p\u00e1ginas Web direcionadas para este site ser\u00e3o apresentadas para a abertura da p\u00e1gina Web completa, n\u00e3o podendo manifestar, direta ou indiretamente, indica\u00e7\u00f5es falsas, incorretas ou confusas, nem praticar a\u00e7\u00f5es desleais ou il\u00edcitas contra a <span>SERVICIOS LING\u00dc\u00cdSTICOS GAIA, S.L.U. <\/span><\/p>\n<h2>5.- MEDIDAS DE SEGURAN\u00c7A<\/h2>\n<p>Os dados pessoais comunicados pelo utilizador poder\u00e3o ser armazenados em bases de dados automatizadas ou n\u00e3o, cuja titularidade corresponde exclusivamente \u00e0 <span>SERVICIOS LING\u00dc\u00cdSTICOS GAIA, S.L.U. <\/span>, assumindo todas as medidas de natureza t\u00e9cnica, organizacional e de seguran\u00e7a que garantam a confidencialidade, integridade e qualidade das informa\u00e7\u00f5es contidas nas mesmas de acordo com o estabelecido nas regulamenta\u00e7\u00f5es vigentes em mat\u00e9ria de prote\u00e7\u00e3o de dados pessoais.<\/p>\n<h2>6.- LIMITA\u00c7\u00c3O DE RESPONSABILIDADE<\/h2>\n<p>O acesso ao site e a utiliza\u00e7\u00e3o n\u00e3o consentida das informa\u00e7\u00f5es nele contidas \u00e9 da exclusiva responsabilidade de quem os levar a cabo. <span>A SERVICIOS LING\u00dc\u00cdSTICOS GAIA, S.L.U. <\/span>n\u00e3o ser\u00e1 respons\u00e1vel por nenhuma consequ\u00eancia, dano ou preju\u00edzo que possa resultar de tal acesso ou utiliza\u00e7\u00e3o. <span>A SERVICIOS LING\u00dc\u00cdSTICOS GAIA, S.L.U. <\/span>\u00a0n\u00e3o se responsabiliza pelos erros de seguran\u00e7a que possam ocorrer nem pelos danos que possam ser causados no sistema inform\u00e1tico do utilizador (hardware e software) ou nos ficheiros ou documentos armazenados no mesmo como consequ\u00eancia do seguinte:<br \/>\u2013 presen\u00e7a de um v\u00edrus no computador do utilizador que seja utilizado para a liga\u00e7\u00e3o aos servi\u00e7os e conte\u00fados do site.<br \/>\u2013 mau funcionamento do browser.<br \/>\u2013 e\/ou utiliza\u00e7\u00e3o de vers\u00f5es n\u00e3o atualizadas do mesmo.<br \/><span>A SERVICIOS LING\u00dc\u00cdSTICOS GAIA, S.L.U. <\/span>n\u00e3o se responsabiliza pela fiabilidade e rapidez das hiperliga\u00e7\u00f5es incorporadas no site para a abertura de outras. <span>A SERVICIOS LING\u00dc\u00cdSTICOS GAIA, S.L.U. <\/span>n\u00e3o garante a utilidade destas liga\u00e7\u00f5es, nem se responsabiliza pelos conte\u00fados ou servi\u00e7os a que o utilizador possa aceder atrav\u00e9s destas liga\u00e7\u00f5es, nem pelo bom funcionamento desses sites.<br \/><span>A SERVICIOS LING\u00dc\u00cdSTICOS GAIA, S.L.U. <\/span>n\u00e3o ser\u00e1 respons\u00e1vel pelos v\u00edrus ou outros programas inform\u00e1ticos que deteriorem ou possam deteriorar os sistemas ou equipamentos inform\u00e1ticos dos utilizadores ao aceder ao seu site ou a outros sites acedidos atrav\u00e9s de liga\u00e7\u00f5es apresentadas neste site.<\/p>\n<h2>7.- UTILIZA\u00c7\u00c3O DA TECNOLOGIA DE &#8220;COOKIES&#8221;<\/h2>\n<p>O site pode utilizar cookies ou tecnologias semelhantes que ser\u00e3o regidas pelo estabelecido na Pol\u00edtica de cookies acess\u00edvel a qualquer momento e respeitando a confidencialidade e intimidade do utilizador, sendo parte integrante do presente Aviso legal.<\/p>\n<h2>8.- NAVEGA\u00c7\u00c3O<\/h2>\n<p>Os servidores de Internet podem recolher dados n\u00e3o identific\u00e1veis que podem incluir endere\u00e7os de IP e outros dados que n\u00e3o podem ser utilizados para identificar o utilizador. O seu endere\u00e7o de IP ser\u00e1 armazenado nos registos de acesso de forma autom\u00e1tica e com a \u00fanica finalidade de permitir o tr\u00e1fego na Internet, sendo necess\u00e1rio que o seu equipamento forne\u00e7a este endere\u00e7o de IP quando navega pela Internet para permitir a realiza\u00e7\u00e3o das comunica\u00e7\u00f5es. Deste modo, o endere\u00e7o de IP poder\u00e1 ser utilizado para realizar estat\u00edsticas, de forma an\u00f3nima, sobre o n\u00famero de visitantes deste site e a sua proveni\u00eancia, de forma totalmente transparente \u00e0 sua navega\u00e7\u00e3o.<\/p>\n<h2>9.- PROPRIEDADE INTELECTUAL E INDUSTRIAL<\/h2>\n<p>O utilizador reconhece e aceita que todos os conte\u00fados e\/ou quaisquer outros elementos do site s\u00e3o propriedade da <span>SERVICIOS LING\u00dc\u00cdSTICOS GAIA, S.L.U. <\/span> e compromete-se a respeitar os direitos de propriedade intelectual e industrial de que a <span>SERVICIOS LING\u00dc\u00cdSTICOS GAIA, S.L.U. <\/span> \u00e9 titular. Qualquer utiliza\u00e7\u00e3o do site ou dos seus conte\u00fados dever\u00e1 ter um car\u00e1ter exclusivamente particular.<br \/>Est\u00e1 exclusivamente reservada \u00e0 <span>SERVICIOS LING\u00dc\u00cdSTICOS GAIA, S.L.U. <\/span> qualquer outra utiliza\u00e7\u00e3o que envolva a c\u00f3pia, reprodu\u00e7\u00e3o, distribui\u00e7\u00e3o, transforma\u00e7\u00e3o, comunica\u00e7\u00e3o p\u00fablica ou qualquer outra a\u00e7\u00e3o semelhante, da totalidade ou parte dos conte\u00fados do site, pelo que nenhum utilizador poder\u00e1 realizar estas a\u00e7\u00f5es sem a autoriza\u00e7\u00e3o pr\u00e9via e por escrito da <span>SERVICIOS LING\u00dc\u00cdSTICOS GAIA, S.L.U. <\/span><\/p>\n<h2>10.- LEGISLA\u00c7\u00c3O APLIC\u00c1VEL E JURISDI\u00c7\u00c3O COMPETENTE<\/h2>\n<p>O presente Aviso legal ser\u00e1 interpretado e regido em conformidade com a legisla\u00e7\u00e3o espanhola. <span>A SERVICIOS LING\u00dc\u00cdSTICOS GAIA, S.L.U. <\/span>e os utilizadores, com ren\u00fancia expressa a qualquer outro foro que lhes possa corresponder, submetem-se aos tribunais da resid\u00eancia do utilizador para qualquer lit\u00edgio que possa resultar do acesso ou utiliza\u00e7\u00e3o do site. Caso o utilizador tenha resid\u00eancia fora de Espanha, <span>a SERVICIOS LING\u00dc\u00cdSTICOS GAIA, S.L.U. <\/span>e o utilizador submetem-se, com ren\u00fancia expressa a qualquer outro foro, aos tribunais onde se encontra sediada a <span>SERVICIOS LING\u00dc\u00cdSTICOS GAIA, S.L.U. <\/span><\/p>\n<\/div>\n<p>[\/et_pb_text][\/et_pb_column][\/et_pb_row][\/et_pb_section]<\/p>\n","protected":false},"excerpt":{"rendered":"<p>No presente Aviso legal, o Utilizador poder\u00e1 encontrar toda a informa\u00e7\u00e3o relativa \u00e0s condi\u00e7\u00f5es legais que definem as rela\u00e7\u00f5es entre os utilizadores e o respons\u00e1vel pela p\u00e1gina Web acess\u00edvel no endere\u00e7o de URL https:\/\/agptraducciones.com (doravante, o site), que a SERVICIOS LING\u00dc\u00cdSTICOS GAIA, S.L.U. p\u00f5e \u00e0 disposi\u00e7\u00e3o dos utilizadores da Internet.A utiliza\u00e7\u00e3o do site implica a [&hellip;]<\/p>\n","protected":false},"author":1,"featured_media":0,"parent":0,"menu_order":0,"comment_status":"closed","ping_status":"closed","template":"","meta":{"_et_pb_use_builder":"on","_et_pb_old_content":"","_et_gb_content_width":"","footnotes":""},"class_list":["post-2831","page","type-page","status-publish","hentry"],"yoast_head":"<!-- This site is optimized with the Yoast SEO plugin v25.2 - https:\/\/yoast.com\/wordpress\/plugins\/seo\/ -->\n<title>Aviso legal &#8226; agp Traducciones<\/title>\n<meta name=\"robots\" content=\"index, follow, max-snippet:-1, max-image-preview:large, max-video-preview:-1\" \/>\n<link rel=\"canonical\" href=\"https:\/\/www.agptraducciones.com\/pt\/aviso-legal\/\" \/>\n<meta property=\"og:locale\" content=\"pt_PT\" \/>\n<meta property=\"og:type\" content=\"article\" \/>\n<meta property=\"og:title\" content=\"Aviso legal &#8226; agp Traducciones\" \/>\n<meta property=\"og:description\" content=\"No presente Aviso legal, o Utilizador poder\u00e1 encontrar toda a informa\u00e7\u00e3o relativa \u00e0s condi\u00e7\u00f5es legais que definem as rela\u00e7\u00f5es entre os utilizadores e o respons\u00e1vel pela p\u00e1gina Web acess\u00edvel no endere\u00e7o de URL https:\/\/agptraducciones.com (doravante, o site), que a SERVICIOS LING\u00dc\u00cdSTICOS GAIA, S.L.U. p\u00f5e \u00e0 disposi\u00e7\u00e3o dos utilizadores da Internet.A utiliza\u00e7\u00e3o do site implica a [&hellip;]\" \/>\n<meta property=\"og:url\" content=\"https:\/\/www.agptraducciones.com\/pt\/aviso-legal\/\" \/>\n<meta property=\"og:site_name\" content=\"agp Traducciones\" \/>\n<meta property=\"article:modified_time\" content=\"2022-09-05T07:28:28+00:00\" \/>\n<meta name=\"twitter:card\" content=\"summary_large_image\" \/>\n<meta name=\"twitter:label1\" content=\"Tempo estimado de leitura\" \/>\n\t<meta name=\"twitter:data1\" content=\"9 minutos\" \/>\n<script type=\"application\/ld+json\" class=\"yoast-schema-graph\">{\"@context\":\"https:\/\/schema.org\",\"@graph\":[{\"@type\":\"WebPage\",\"@id\":\"https:\/\/www.agptraducciones.com\/pt\/aviso-legal\/\",\"url\":\"https:\/\/www.agptraducciones.com\/pt\/aviso-legal\/\",\"name\":\"Aviso legal &#8226; agp Traducciones\",\"isPartOf\":{\"@id\":\"https:\/\/www.agptraducciones.com\/pt\/#website\"},\"datePublished\":\"2020-02-17T09:27:38+00:00\",\"dateModified\":\"2022-09-05T07:28:28+00:00\",\"breadcrumb\":{\"@id\":\"https:\/\/www.agptraducciones.com\/pt\/aviso-legal\/#breadcrumb\"},\"inLanguage\":\"pt-PT\",\"potentialAction\":[{\"@type\":\"ReadAction\",\"target\":[\"https:\/\/www.agptraducciones.com\/pt\/aviso-legal\/\"]}]},{\"@type\":\"BreadcrumbList\",\"@id\":\"https:\/\/www.agptraducciones.com\/pt\/aviso-legal\/#breadcrumb\",\"itemListElement\":[{\"@type\":\"ListItem\",\"position\":1,\"name\":\"Inicio\",\"item\":\"https:\/\/www.agptraducciones.com\/pt\/\"},{\"@type\":\"ListItem\",\"position\":2,\"name\":\"Aviso legal\"}]},{\"@type\":\"WebSite\",\"@id\":\"https:\/\/www.agptraducciones.com\/pt\/#website\",\"url\":\"https:\/\/www.agptraducciones.com\/pt\/\",\"name\":\"agp Traducciones\",\"description\":\"Empresa de traducci\u00f3n profesional \ud83d\udcac\",\"publisher\":{\"@id\":\"https:\/\/www.agptraducciones.com\/pt\/#organization\"},\"potentialAction\":[{\"@type\":\"SearchAction\",\"target\":{\"@type\":\"EntryPoint\",\"urlTemplate\":\"https:\/\/www.agptraducciones.com\/pt\/?s={search_term_string}\"},\"query-input\":{\"@type\":\"PropertyValueSpecification\",\"valueRequired\":true,\"valueName\":\"search_term_string\"}}],\"inLanguage\":\"pt-PT\"},{\"@type\":\"Organization\",\"@id\":\"https:\/\/www.agptraducciones.com\/pt\/#organization\",\"name\":\"agp Traducciones\",\"url\":\"https:\/\/www.agptraducciones.com\/pt\/\",\"logo\":{\"@type\":\"ImageObject\",\"inLanguage\":\"pt-PT\",\"@id\":\"https:\/\/www.agptraducciones.com\/pt\/#\/schema\/logo\/image\/\",\"url\":\"https:\/\/www.agptraducciones.com\/wp-content\/uploads\/2022\/03\/logo-color-agp-traducciones-01.png\",\"contentUrl\":\"https:\/\/www.agptraducciones.com\/wp-content\/uploads\/2022\/03\/logo-color-agp-traducciones-01.png\",\"width\":480,\"height\":270,\"caption\":\"agp Traducciones\"},\"image\":{\"@id\":\"https:\/\/www.agptraducciones.com\/pt\/#\/schema\/logo\/image\/\"}}]}<\/script>\n<!-- \/ Yoast SEO plugin. -->","yoast_head_json":{"title":"Aviso legal &#8226; agp Traducciones","robots":{"index":"index","follow":"follow","max-snippet":"max-snippet:-1","max-image-preview":"max-image-preview:large","max-video-preview":"max-video-preview:-1"},"canonical":"https:\/\/www.agptraducciones.com\/pt\/aviso-legal\/","og_locale":"pt_PT","og_type":"article","og_title":"Aviso legal &#8226; agp Traducciones","og_description":"No presente Aviso legal, o Utilizador poder\u00e1 encontrar toda a informa\u00e7\u00e3o relativa \u00e0s condi\u00e7\u00f5es legais que definem as rela\u00e7\u00f5es entre os utilizadores e o respons\u00e1vel pela p\u00e1gina Web acess\u00edvel no endere\u00e7o de URL https:\/\/agptraducciones.com (doravante, o site), que a SERVICIOS LING\u00dc\u00cdSTICOS GAIA, S.L.U. p\u00f5e \u00e0 disposi\u00e7\u00e3o dos utilizadores da Internet.A utiliza\u00e7\u00e3o do site implica a [&hellip;]","og_url":"https:\/\/www.agptraducciones.com\/pt\/aviso-legal\/","og_site_name":"agp Traducciones","article_modified_time":"2022-09-05T07:28:28+00:00","twitter_card":"summary_large_image","twitter_misc":{"Tempo estimado de leitura":"9 minutos"},"schema":{"@context":"https:\/\/schema.org","@graph":[{"@type":"WebPage","@id":"https:\/\/www.agptraducciones.com\/pt\/aviso-legal\/","url":"https:\/\/www.agptraducciones.com\/pt\/aviso-legal\/","name":"Aviso legal &#8226; agp Traducciones","isPartOf":{"@id":"https:\/\/www.agptraducciones.com\/pt\/#website"},"datePublished":"2020-02-17T09:27:38+00:00","dateModified":"2022-09-05T07:28:28+00:00","breadcrumb":{"@id":"https:\/\/www.agptraducciones.com\/pt\/aviso-legal\/#breadcrumb"},"inLanguage":"pt-PT","potentialAction":[{"@type":"ReadAction","target":["https:\/\/www.agptraducciones.com\/pt\/aviso-legal\/"]}]},{"@type":"BreadcrumbList","@id":"https:\/\/www.agptraducciones.com\/pt\/aviso-legal\/#breadcrumb","itemListElement":[{"@type":"ListItem","position":1,"name":"Inicio","item":"https:\/\/www.agptraducciones.com\/pt\/"},{"@type":"ListItem","position":2,"name":"Aviso legal"}]},{"@type":"WebSite","@id":"https:\/\/www.agptraducciones.com\/pt\/#website","url":"https:\/\/www.agptraducciones.com\/pt\/","name":"agp Traducciones","description":"Empresa de traducci\u00f3n profesional \ud83d\udcac","publisher":{"@id":"https:\/\/www.agptraducciones.com\/pt\/#organization"},"potentialAction":[{"@type":"SearchAction","target":{"@type":"EntryPoint","urlTemplate":"https:\/\/www.agptraducciones.com\/pt\/?s={search_term_string}"},"query-input":{"@type":"PropertyValueSpecification","valueRequired":true,"valueName":"search_term_string"}}],"inLanguage":"pt-PT"},{"@type":"Organization","@id":"https:\/\/www.agptraducciones.com\/pt\/#organization","name":"agp Traducciones","url":"https:\/\/www.agptraducciones.com\/pt\/","logo":{"@type":"ImageObject","inLanguage":"pt-PT","@id":"https:\/\/www.agptraducciones.com\/pt\/#\/schema\/logo\/image\/","url":"https:\/\/www.agptraducciones.com\/wp-content\/uploads\/2022\/03\/logo-color-agp-traducciones-01.png","contentUrl":"https:\/\/www.agptraducciones.com\/wp-content\/uploads\/2022\/03\/logo-color-agp-traducciones-01.png","width":480,"height":270,"caption":"agp Traducciones"},"image":{"@id":"https:\/\/www.agptraducciones.com\/pt\/#\/schema\/logo\/image\/"}}]}},"_links":{"self":[{"href":"https:\/\/www.agptraducciones.com\/pt\/wp-json\/wp\/v2\/pages\/2831","targetHints":{"allow":["GET"]}}],"collection":[{"href":"https:\/\/www.agptraducciones.com\/pt\/wp-json\/wp\/v2\/pages"}],"about":[{"href":"https:\/\/www.agptraducciones.com\/pt\/wp-json\/wp\/v2\/types\/page"}],"author":[{"embeddable":true,"href":"https:\/\/www.agptraducciones.com\/pt\/wp-json\/wp\/v2\/users\/1"}],"replies":[{"embeddable":true,"href":"https:\/\/www.agptraducciones.com\/pt\/wp-json\/wp\/v2\/comments?post=2831"}],"version-history":[{"count":2,"href":"https:\/\/www.agptraducciones.com\/pt\/wp-json\/wp\/v2\/pages\/2831\/revisions"}],"predecessor-version":[{"id":3128,"href":"https:\/\/www.agptraducciones.com\/pt\/wp-json\/wp\/v2\/pages\/2831\/revisions\/3128"}],"wp:attachment":[{"href":"https:\/\/www.agptraducciones.com\/pt\/wp-json\/wp\/v2\/media?parent=2831"}],"curies":[{"name":"wp","href":"https:\/\/api.w.org\/{rel}","templated":true}]}}