{"id":2833,"date":"2020-02-17T09:27:38","date_gmt":"2020-02-17T09:27:38","guid":{"rendered":"https:\/\/agptraducciones.com.46-231-5-178.46-231-5-178.visualpublinet.com\/politica-de-privacidad\/"},"modified":"2022-09-05T07:28:28","modified_gmt":"2022-09-05T07:28:28","slug":"politica-de-privacidad","status":"publish","type":"page","link":"https:\/\/www.agptraducciones.com\/pt\/politica-de-privacidad\/","title":{"rendered":"Pol\u00edtica de privacidade"},"content":{"rendered":"<p>[et_pb_section fb_built=&#8221;1&#8243; custom_padding_last_edited=&#8221;on|phone&#8221; _builder_version=&#8221;4.15.1&#8243; _module_preset=&#8221;default&#8221; use_background_color_gradient=&#8221;on&#8221; background_color_gradient_start=&#8221;#f78b1f&#8221; background_color_gradient_end=&#8221;#f26527&#8243; background_color_gradient_direction=&#8221;48deg&#8221; custom_padding=&#8221;280px||||false|false&#8221; custom_padding_tablet=&#8221;180px||||false|false&#8221; custom_padding_phone=&#8221;150px||||false|false&#8221; border_radii=&#8221;off|||80px|80px&#8221; locked=&#8221;off&#8221; global_colors_info=&#8221;{}&#8221; global_module=&#8221;404&#8243; theme_builder_area=&#8221;post_content&#8221;][et_pb_row _builder_version=&#8221;4.15.1&#8243; _module_preset=&#8221;default&#8221; custom_margin=&#8221;0px||0px||false|false&#8221; custom_padding=&#8221;0px||0px||false|false&#8221; global_colors_info=&#8221;{}&#8221; theme_builder_area=&#8221;post_content&#8221;][et_pb_column type=&#8221;4_4&#8243; _builder_version=&#8221;4.15.1&#8243; _module_preset=&#8221;default&#8221; global_colors_info=&#8221;{}&#8221; theme_builder_area=&#8221;post_content&#8221;][et_pb_post_title meta=&#8221;off&#8221; featured_image=&#8221;off&#8221; text_color=&#8221;light&#8221; _builder_version=&#8221;4.15.1&#8243; _module_preset=&#8221;default&#8221; title_text_color=&#8221;#FFFFFF&#8221; text_orientation=&#8221;center&#8221; global_colors_info=&#8221;{}&#8221; theme_builder_area=&#8221;post_content&#8221;][\/et_pb_post_title][\/et_pb_column][\/et_pb_row][\/et_pb_section][et_pb_section fb_built=&#8221;1&#8243; admin_label=&#8221;section&#8221; _builder_version=&#8221;4.15&#8243; global_colors_info=&#8221;{}&#8221;][et_pb_row admin_label=&#8221;row&#8221; _builder_version=&#8221;4.15&#8243; background_size=&#8221;initial&#8221; background_position=&#8221;top_left&#8221; background_repeat=&#8221;repeat&#8221; global_colors_info=&#8221;{}&#8221;][et_pb_column type=&#8221;4_4&#8243; _builder_version=&#8221;4.15&#8243; custom_padding=&#8221;|||&#8221; global_colors_info=&#8221;{}&#8221; custom_padding__hover=&#8221;|||&#8221;][et_pb_text admin_label=&#8221;Text&#8221; _builder_version=&#8221;4.15.1&#8243; background_size=&#8221;initial&#8221; background_position=&#8221;top_left&#8221; background_repeat=&#8221;repeat&#8221; global_colors_info=&#8221;{}&#8221;]<\/p>\n<div id=\"clickdatos\">\n<h2>POL\u00cdTICA DE PRIVACIDADE E PROTE\u00c7\u00c3O DE DADOS<\/h2>\n<p>Em conformidade com o Regulamento (UE) n.\u00ba 2016\/679 do Parlamento Europeu e do Conselho, de 27 de abril de 2016, relativo \u00e0 prote\u00e7\u00e3o das pessoas singulares em rela\u00e7\u00e3o ao tratamento de dados pessoais, que revoga a diretiva 95\/46\/CE (doravante, RGPD), com a Lei n.\u00ba 34\/2002, de 11 de julho, de servi\u00e7os da sociedade da informa\u00e7\u00e3o e do com\u00e9rcio eletr\u00f3nico (doravante, LSSI-CE) e com a Lei org\u00e2nica n.\u00ba 3\/2018, de Prote\u00e7\u00e3o de dados pessoais e garantia dos direitos digitais (doravante, LOPDGDD), a <span>SERVICIOS LING\u00dc\u00cdSTICOS GAIA, S.L.U. <\/span>garante a prote\u00e7\u00e3o e confidencialidade de qualquer tipo de dados pessoais que nos sejam fornecidos pelos nossos clientes, de acordo com o disposto no Regulamento geral de prote\u00e7\u00e3o de dados.<\/p>\n<p>Os dados facultados ser\u00e3o tratados nos termos estabelecidos no RGPD. Neste sentido, a <span>SERVICIOS LING\u00dc\u00cdSTICOS GAIA, S.L.U. <\/span>adotou os n\u00edveis de prote\u00e7\u00e3o exigidos legalmente e instalou todas as medidas t\u00e9cnicas ao seu alcance para evitar a perda, utiliza\u00e7\u00e3o indevida, altera\u00e7\u00e3o, acesso n\u00e3o autorizado por terceiros expostos em seguida. N\u00e3o obstante, o utilizador deve estar ciente de que as medidas de seguran\u00e7a na Internet n\u00e3o s\u00e3o inexpugn\u00e1veis.<\/p>\n<p><strong>Respons\u00e1vel pelo tratamento<\/strong><\/p>\n<p>Nome do titular: <span>SERVICIOS LING\u00dc\u00cdSTICOS GAIA, S.L.U.<\/span><br \/>Sede social: <span>&nbsp;Avenida Gran V\u00eda, n.\u00ba 5 \u2013 1.\u00ba B, 36204 Vigo, (Pontevedra), Espanha<\/span><br \/>N.I.F.: <span>B36926830<\/span><br \/>Telefone de contacto: <span>+34 986 484 061<\/span><br \/>Correio eletr\u00f3nico: <a href=\"mailto:admin@agptraducciones.com\" data-aalisten=\"1\">admin@agptraducciones.com<\/a><\/p>\n<p><strong>Finalidade do tratamento<\/strong><br \/>Todos os dados facultados pelos nossos clientes e\/ou visitantes no site da <span>SERVICIOS LING\u00dc\u00cdSTICOS GAIA, S.L.U. <\/span>ou ao seu pessoal ser\u00e3o inclu\u00eddos no registo de atividades de tratamento de dados pessoais, criado e mantido sob a responsabilidade da <span>SERVICIOS LING\u00dc\u00cdSTICOS GAIA, S.L.U. <\/span>, imprescind\u00edveis para prestar os servi\u00e7os solicitados pelos utilizadores ou para resolver as d\u00favidas ou perguntas colocadas pelos nossos visitantes. A nossa pol\u00edtica \u00e9 n\u00e3o elaborar perfis sobre os utilizadores dos nossos servi\u00e7os.<\/p>\n<p><strong>Legitimidade do tratamento<\/strong><\/p>\n<ol type=\"a\">\n<li>Rela\u00e7\u00e3o contratual: \u00c9 a que se aplica quando compra um dos nossos produtos ou contrata algum dos nossos servi\u00e7os.<\/li>\n<li>Interesse leg\u00edtimo: Para responder a consultas e reclama\u00e7\u00f5es que nos sejam apresentadas e para gerir a cobran\u00e7a das quantidades adequadas.<\/li>\n<li>O seu consentimento: Se \u00e9 utilizador do nosso site, atrav\u00e9s da marca\u00e7\u00e3o da caixa que figura no formul\u00e1rio de contacto autoriza-nos a enviar-lhe as comunica\u00e7\u00f5es necess\u00e1rias para responder \u00e0 consulta ou pedido de informa\u00e7\u00e3o apresentado.<\/li>\n<\/ol>\n<p><strong>Destinat\u00e1rios<\/strong><br \/>N\u00e3o cedemos os seus dados pessoais a ningu\u00e9m, \u00e0 exce\u00e7\u00e3o das entidades p\u00fablicas ou privadas \u00e0s quais estejamos obrigados a fornecer os seus dados pessoais por motivo do cumprimento de alguma lei. A t\u00edtulo de exemplo, a Legisla\u00e7\u00e3o fiscal obriga a fornecer \u00e0s Finan\u00e7as determinada informa\u00e7\u00e3o sobre opera\u00e7\u00f5es econ\u00f3micas superiores a um determinado montante.<\/p>\n<p>Se, para al\u00e9m das situa\u00e7\u00f5es referidas, necessitarmos de divulgar as suas informa\u00e7\u00f5es pessoais a outras entidades, solicitaremos previamente a sua autoriza\u00e7\u00e3o atrav\u00e9s de op\u00e7\u00f5es claras que lhe permitir\u00e3o decidir acerca desta quest\u00e3o.<\/p>\n<p><strong>Comunica\u00e7\u00e3o<\/strong><br \/>N\u00e3o realizaremos transfer\u00eancias internacionais dos seus dados pessoais para nenhuma das finalidades indicadas.<br \/>(<strong>NOTA INTERNA<\/strong>: ESTE PAR\u00c1GRAFO TEM DE SER ALTERADO PELO RESPONS\u00c1VEL SE REALMENTE FOREM EFETUADAS TRANSFER\u00caNCIAS INTERNACIONAIS. RECOMENDAMOS QUE PROCURE ACONSELHAMENTO SE N\u00c3O SOUBER COMO REFLETI-LO CORRETAMENTE PARA CUMPRIR A LEGISLA\u00c7\u00c3O)<\/p>\n<p><strong>Conserva\u00e7\u00e3o<\/strong><br \/>S\u00f3 conservaremos os seus dados pessoais durante o prazo necess\u00e1rio para alcan\u00e7ar os fins para que foram recolhidos. Para determinar o per\u00edodo oportuno de conserva\u00e7\u00e3o examinamos os riscos que o tratamento acarreta, assim como as nossas obriga\u00e7\u00f5es contratuais, legais e legislativas, as pol\u00edticas internas de conserva\u00e7\u00e3o de dados e os nossos interesses comerciais leg\u00edtimos descritos no presente Aviso de privacidade e Pol\u00edtica de cookies.<\/p>\n<p>Neste sentido, a <span>SERVICIOS LING\u00dc\u00cdSTICOS GAIA, S.L.U. <\/span>conservar\u00e1 os dados pessoais uma vez terminada a rela\u00e7\u00e3o consigo, devidamente bloqueados, durante o prazo de prescri\u00e7\u00e3o das a\u00e7\u00f5es que possam resultar da rela\u00e7\u00e3o mantida com o interessado.<\/p>\n<p>Uma vez bloqueados, os seus dados ficar\u00e3o inacess\u00edveis para a <span>SERVICIOS LING\u00dc\u00cdSTICOS GAIA, S.L.U. <\/span>e n\u00e3o ser\u00e3o tratados, exceto para a sua disponibiliza\u00e7\u00e3o \u00e0s Administra\u00e7\u00f5es p\u00fablicas, Ju\u00edzes e Tribunais para cumprir eventuais responsabilidades decorrentes dos tratamentos, assim como para o exerc\u00edcio e defesa de reclama\u00e7\u00f5es perante a Ag\u00eancia espanhola de prote\u00e7\u00e3o de dados.<\/p>\n<p><strong>Seguran\u00e7a<\/strong><br \/>Envidamos todos os esfor\u00e7os razo\u00e1veis para manter a confidencialidade das informa\u00e7\u00f5es pessoais tratadas nos nossos sistemas. Mantemos n\u00edveis rigorosos de seguran\u00e7a para proteger os dados pessoais que tratamos contra perdas fortuitas e acessos, tratamentos ou revela\u00e7\u00f5es n\u00e3o autorizados, tendo em conta a tecnologia, a natureza e os riscos a que os dados est\u00e3o expostos. N\u00e3o obstante, n\u00e3o podemos responsabilizar-nos pela utiliza\u00e7\u00e3o que o Utilizador fa\u00e7a dos dados (incluindo o nome de utilizador e palavra-passe) que utiliza no nosso site. O nosso pessoal segue rigorosas normas de privacidade e se contratarmos terceiros para a presta\u00e7\u00e3o de servi\u00e7os de apoio exigimos que cumpram as mesmas normas e nos permitam realizar auditorias para verificar a sua conformidade com tais normas.<\/p>\n<p><strong>Os seus direitos<\/strong><br \/>Informamos que poder\u00e1 exercer os seguintes direitos:<\/p>\n<ol type=\"a\">\n<li>Direito de acesso aos seus dados pessoais, para saber quais est\u00e3o a ser objeto de tratamento e as opera\u00e7\u00f5es de tratamento levadas a cabo com eles;<\/li>\n<li>Direito de retifica\u00e7\u00e3o de qualquer dado pessoal incorreto;<\/li>\n<li>Direito de apagamento dos seus dados pessoais, quando poss\u00edvel (por exemplo, por for\u00e7a da lei); <\/li>\n<li>Direito de limita\u00e7\u00e3o do tratamento dos seus dados pessoais quando a exatid\u00e3o, legalidade ou necessidade do tratamento dos dados seja duvidosa, em cujo caso poderemos conserv\u00e1-los para o exerc\u00edcio ou a defesa de reclama\u00e7\u00f5es.<\/li>\n<li>Direito de oposi\u00e7\u00e3o ao tratamento dos seus dados pessoais, quando a base jur\u00eddica que nos habilita para o seu tratamento das indicadas seja o nosso interesse leg\u00edtimo. <span>A SERVICIOS LING\u00dc\u00cdSTICOS GAIA, S.L.U. <\/span> deixar\u00e1 de tratar os seus dados a n\u00e3o ser que tenha um interesse leg\u00edtimo ou seja necess\u00e1rio para a defesa de reclama\u00e7\u00f5es.<\/li>\n<li>Direito \u00e0 portabilidade dos seus dados, quando a base jur\u00eddica que nos habilita para o seu tratamento seja a exist\u00eancia de uma rela\u00e7\u00e3o contratual ou o seu consentimento.<\/li>\n<li>Direito de revogar o consentimento fornecido \u00e0 <span>SERVICIOS LING\u00dc\u00cdSTICOS GAIA, S.L.U. <\/span><\/li>\n<\/ol>\n<p>Pode exercer os seus direitos de forma gratuita e a qualquer momento entrando em contacto connosco atrav\u00e9s do endere\u00e7o da <span>SERVICIOS LING\u00dc\u00cdSTICOS GAIA, S.L.U. <\/span>, anexando uma c\u00f3pia do seu Cart\u00e3o de Cidad\u00e3o\/Bilhete de Identidade.<br \/><strong>Tutela de direitos<\/strong><br \/>Se considerar que os seus direitos foram ignorados pela nossa entidade, pode apresentar uma reclama\u00e7\u00e3o \u00e0 Ag\u00eancia espanhola de prote\u00e7\u00e3o de dados atrav\u00e9s de um dos seguintes m\u00e9todos:<\/p>\n<ul>\n<li>Sede eletr\u00f3nica: <a href=\"https:\/\/www.aepd.es\">https:\/\/www.aepd.es<\/a><\/li>\n<li>Correio postal: Agencia Espa\u00f1ola de Protecci\u00f3n de Datos, C\/ Jorge Juan, 6, 28001, Madrid<\/li>\n<li>Telefone: 901.100.099 e 912.663.517<\/li>\n<\/ul>\n<p>A apresenta\u00e7\u00e3o de uma reclama\u00e7\u00e3o \u00e0 Ag\u00eancia espanhola de prote\u00e7\u00e3o de dados n\u00e3o tem nenhum custo e n\u00e3o \u00e9 necess\u00e1rio recorrer \u00e0 assist\u00eancia de um advogado ou de um solicitador.<\/p>\n<p><strong>Atualiza\u00e7\u00f5es<\/strong><br \/><span>A SERVICIOS LING\u00dc\u00cdSTICOS GAIA, S.L.U. <\/span>reserva-se o direito de alterar a presente pol\u00edtica para a adaptar a altera\u00e7\u00f5es legislativas ou jurisprudenciais que possam afetar o cumprimento da mesma.<\/p>\n<\/div>\n<p>[\/et_pb_text][\/et_pb_column][\/et_pb_row][\/et_pb_section]<\/p>\n","protected":false},"excerpt":{"rendered":"<p>POL\u00cdTICA DE PRIVACIDADE E PROTE\u00c7\u00c3O DE DADOS Em conformidade com o Regulamento (UE) n.\u00ba 2016\/679 do Parlamento Europeu e do Conselho, de 27 de abril de 2016, relativo \u00e0 prote\u00e7\u00e3o das pessoas singulares em rela\u00e7\u00e3o ao tratamento de dados pessoais, que revoga a diretiva 95\/46\/CE (doravante, RGPD), com a Lei n.\u00ba 34\/2002, de 11 de [&hellip;]<\/p>\n","protected":false},"author":1,"featured_media":0,"parent":0,"menu_order":0,"comment_status":"closed","ping_status":"closed","template":"","meta":{"_et_pb_use_builder":"on","_et_pb_old_content":"","_et_gb_content_width":"","footnotes":""},"class_list":["post-2833","page","type-page","status-publish","hentry"],"yoast_head":"<!-- This site is optimized with the Yoast SEO plugin v25.2 - https:\/\/yoast.com\/wordpress\/plugins\/seo\/ -->\n<title>Pol\u00edtica de privacidade &#8226; agp Traducciones<\/title>\n<meta name=\"robots\" content=\"index, follow, max-snippet:-1, max-image-preview:large, max-video-preview:-1\" \/>\n<link rel=\"canonical\" href=\"https:\/\/www.agptraducciones.com\/pt\/politica-de-privacidad\/\" \/>\n<meta property=\"og:locale\" content=\"pt_PT\" \/>\n<meta property=\"og:type\" content=\"article\" \/>\n<meta property=\"og:title\" content=\"Pol\u00edtica de privacidade &#8226; agp Traducciones\" \/>\n<meta property=\"og:description\" content=\"POL\u00cdTICA DE PRIVACIDADE E PROTE\u00c7\u00c3O DE DADOS Em conformidade com o Regulamento (UE) n.\u00ba 2016\/679 do Parlamento Europeu e do Conselho, de 27 de abril de 2016, relativo \u00e0 prote\u00e7\u00e3o das pessoas singulares em rela\u00e7\u00e3o ao tratamento de dados pessoais, que revoga a diretiva 95\/46\/CE (doravante, RGPD), com a Lei n.\u00ba 34\/2002, de 11 de [&hellip;]\" \/>\n<meta property=\"og:url\" content=\"https:\/\/www.agptraducciones.com\/pt\/politica-de-privacidad\/\" \/>\n<meta property=\"og:site_name\" content=\"agp Traducciones\" \/>\n<meta property=\"article:modified_time\" content=\"2022-09-05T07:28:28+00:00\" \/>\n<meta name=\"twitter:card\" content=\"summary_large_image\" \/>\n<meta name=\"twitter:label1\" content=\"Tempo estimado de leitura\" \/>\n\t<meta name=\"twitter:data1\" content=\"8 minutos\" \/>\n<script type=\"application\/ld+json\" class=\"yoast-schema-graph\">{\"@context\":\"https:\/\/schema.org\",\"@graph\":[{\"@type\":\"WebPage\",\"@id\":\"https:\/\/www.agptraducciones.com\/pt\/politica-de-privacidad\/\",\"url\":\"https:\/\/www.agptraducciones.com\/pt\/politica-de-privacidad\/\",\"name\":\"Pol\u00edtica de privacidade &#8226; agp Traducciones\",\"isPartOf\":{\"@id\":\"https:\/\/www.agptraducciones.com\/pt\/#website\"},\"datePublished\":\"2020-02-17T09:27:38+00:00\",\"dateModified\":\"2022-09-05T07:28:28+00:00\",\"breadcrumb\":{\"@id\":\"https:\/\/www.agptraducciones.com\/pt\/politica-de-privacidad\/#breadcrumb\"},\"inLanguage\":\"pt-PT\",\"potentialAction\":[{\"@type\":\"ReadAction\",\"target\":[\"https:\/\/www.agptraducciones.com\/pt\/politica-de-privacidad\/\"]}]},{\"@type\":\"BreadcrumbList\",\"@id\":\"https:\/\/www.agptraducciones.com\/pt\/politica-de-privacidad\/#breadcrumb\",\"itemListElement\":[{\"@type\":\"ListItem\",\"position\":1,\"name\":\"Inicio\",\"item\":\"https:\/\/www.agptraducciones.com\/pt\/\"},{\"@type\":\"ListItem\",\"position\":2,\"name\":\"Pol\u00edtica de privacidade\"}]},{\"@type\":\"WebSite\",\"@id\":\"https:\/\/www.agptraducciones.com\/pt\/#website\",\"url\":\"https:\/\/www.agptraducciones.com\/pt\/\",\"name\":\"agp Traducciones\",\"description\":\"Empresa de traducci\u00f3n profesional \ud83d\udcac\",\"publisher\":{\"@id\":\"https:\/\/www.agptraducciones.com\/pt\/#organization\"},\"potentialAction\":[{\"@type\":\"SearchAction\",\"target\":{\"@type\":\"EntryPoint\",\"urlTemplate\":\"https:\/\/www.agptraducciones.com\/pt\/?s={search_term_string}\"},\"query-input\":{\"@type\":\"PropertyValueSpecification\",\"valueRequired\":true,\"valueName\":\"search_term_string\"}}],\"inLanguage\":\"pt-PT\"},{\"@type\":\"Organization\",\"@id\":\"https:\/\/www.agptraducciones.com\/pt\/#organization\",\"name\":\"agp Traducciones\",\"url\":\"https:\/\/www.agptraducciones.com\/pt\/\",\"logo\":{\"@type\":\"ImageObject\",\"inLanguage\":\"pt-PT\",\"@id\":\"https:\/\/www.agptraducciones.com\/pt\/#\/schema\/logo\/image\/\",\"url\":\"https:\/\/www.agptraducciones.com\/wp-content\/uploads\/2022\/03\/logo-color-agp-traducciones-01.png\",\"contentUrl\":\"https:\/\/www.agptraducciones.com\/wp-content\/uploads\/2022\/03\/logo-color-agp-traducciones-01.png\",\"width\":480,\"height\":270,\"caption\":\"agp Traducciones\"},\"image\":{\"@id\":\"https:\/\/www.agptraducciones.com\/pt\/#\/schema\/logo\/image\/\"}}]}<\/script>\n<!-- \/ Yoast SEO plugin. -->","yoast_head_json":{"title":"Pol\u00edtica de privacidade &#8226; agp Traducciones","robots":{"index":"index","follow":"follow","max-snippet":"max-snippet:-1","max-image-preview":"max-image-preview:large","max-video-preview":"max-video-preview:-1"},"canonical":"https:\/\/www.agptraducciones.com\/pt\/politica-de-privacidad\/","og_locale":"pt_PT","og_type":"article","og_title":"Pol\u00edtica de privacidade &#8226; agp Traducciones","og_description":"POL\u00cdTICA DE PRIVACIDADE E PROTE\u00c7\u00c3O DE DADOS Em conformidade com o Regulamento (UE) n.\u00ba 2016\/679 do Parlamento Europeu e do Conselho, de 27 de abril de 2016, relativo \u00e0 prote\u00e7\u00e3o das pessoas singulares em rela\u00e7\u00e3o ao tratamento de dados pessoais, que revoga a diretiva 95\/46\/CE (doravante, RGPD), com a Lei n.\u00ba 34\/2002, de 11 de [&hellip;]","og_url":"https:\/\/www.agptraducciones.com\/pt\/politica-de-privacidad\/","og_site_name":"agp Traducciones","article_modified_time":"2022-09-05T07:28:28+00:00","twitter_card":"summary_large_image","twitter_misc":{"Tempo estimado de leitura":"8 minutos"},"schema":{"@context":"https:\/\/schema.org","@graph":[{"@type":"WebPage","@id":"https:\/\/www.agptraducciones.com\/pt\/politica-de-privacidad\/","url":"https:\/\/www.agptraducciones.com\/pt\/politica-de-privacidad\/","name":"Pol\u00edtica de privacidade &#8226; agp Traducciones","isPartOf":{"@id":"https:\/\/www.agptraducciones.com\/pt\/#website"},"datePublished":"2020-02-17T09:27:38+00:00","dateModified":"2022-09-05T07:28:28+00:00","breadcrumb":{"@id":"https:\/\/www.agptraducciones.com\/pt\/politica-de-privacidad\/#breadcrumb"},"inLanguage":"pt-PT","potentialAction":[{"@type":"ReadAction","target":["https:\/\/www.agptraducciones.com\/pt\/politica-de-privacidad\/"]}]},{"@type":"BreadcrumbList","@id":"https:\/\/www.agptraducciones.com\/pt\/politica-de-privacidad\/#breadcrumb","itemListElement":[{"@type":"ListItem","position":1,"name":"Inicio","item":"https:\/\/www.agptraducciones.com\/pt\/"},{"@type":"ListItem","position":2,"name":"Pol\u00edtica de privacidade"}]},{"@type":"WebSite","@id":"https:\/\/www.agptraducciones.com\/pt\/#website","url":"https:\/\/www.agptraducciones.com\/pt\/","name":"agp Traducciones","description":"Empresa de traducci\u00f3n profesional \ud83d\udcac","publisher":{"@id":"https:\/\/www.agptraducciones.com\/pt\/#organization"},"potentialAction":[{"@type":"SearchAction","target":{"@type":"EntryPoint","urlTemplate":"https:\/\/www.agptraducciones.com\/pt\/?s={search_term_string}"},"query-input":{"@type":"PropertyValueSpecification","valueRequired":true,"valueName":"search_term_string"}}],"inLanguage":"pt-PT"},{"@type":"Organization","@id":"https:\/\/www.agptraducciones.com\/pt\/#organization","name":"agp Traducciones","url":"https:\/\/www.agptraducciones.com\/pt\/","logo":{"@type":"ImageObject","inLanguage":"pt-PT","@id":"https:\/\/www.agptraducciones.com\/pt\/#\/schema\/logo\/image\/","url":"https:\/\/www.agptraducciones.com\/wp-content\/uploads\/2022\/03\/logo-color-agp-traducciones-01.png","contentUrl":"https:\/\/www.agptraducciones.com\/wp-content\/uploads\/2022\/03\/logo-color-agp-traducciones-01.png","width":480,"height":270,"caption":"agp Traducciones"},"image":{"@id":"https:\/\/www.agptraducciones.com\/pt\/#\/schema\/logo\/image\/"}}]}},"_links":{"self":[{"href":"https:\/\/www.agptraducciones.com\/pt\/wp-json\/wp\/v2\/pages\/2833","targetHints":{"allow":["GET"]}}],"collection":[{"href":"https:\/\/www.agptraducciones.com\/pt\/wp-json\/wp\/v2\/pages"}],"about":[{"href":"https:\/\/www.agptraducciones.com\/pt\/wp-json\/wp\/v2\/types\/page"}],"author":[{"embeddable":true,"href":"https:\/\/www.agptraducciones.com\/pt\/wp-json\/wp\/v2\/users\/1"}],"replies":[{"embeddable":true,"href":"https:\/\/www.agptraducciones.com\/pt\/wp-json\/wp\/v2\/comments?post=2833"}],"version-history":[{"count":3,"href":"https:\/\/www.agptraducciones.com\/pt\/wp-json\/wp\/v2\/pages\/2833\/revisions"}],"predecessor-version":[{"id":3135,"href":"https:\/\/www.agptraducciones.com\/pt\/wp-json\/wp\/v2\/pages\/2833\/revisions\/3135"}],"wp:attachment":[{"href":"https:\/\/www.agptraducciones.com\/pt\/wp-json\/wp\/v2\/media?parent=2833"}],"curies":[{"name":"wp","href":"https:\/\/api.w.org\/{rel}","templated":true}]}}